{"id":4527,"date":"2025-11-27T15:49:04","date_gmt":"2025-11-27T15:49:04","guid":{"rendered":"https:\/\/montedojoaomartins.pt\/?post_type=product&#038;p=4527"},"modified":"2025-12-05T10:24:44","modified_gmt":"2025-12-05T10:24:44","slug":"double-magnum-colheita-seleccionada-tinto-2022-3-litros","status":"publish","type":"product","link":"https:\/\/montedojoaomartins.pt\/en\/product\/double-magnum-colheita-seleccionada-tinto-2022-3-litros\/","title":{"rendered":"Double Magnum &#8211; Colheita Seleccionada &#8211; Tinto 2022 3 Litros"},"content":{"rendered":"<div class=\"vc_row wpb_row vc_row-fluid vc_custom_1579167632541 vc_row-o-equal-height vc_row-flex\"><div class=\"wpb_column vc_column_container vc_col-sm-6 vc_col-has-fill\"><div class=\"vc_column-inner vc_custom_1729682888142\"><div class=\"wpb_wrapper\">\n\t<div class=\"title-subtitle-box  vc_custom_1599557932137\" style=\" text-align: left;\">\n\t\t<h1 style=\" font-weight: normal;\" class=\"special-title\" >Notas de prova<\/h1>\n\t<\/div> \n\t<div class=\"gg-infobox  text-align-left\" >\n\t\t<div class=\"infobox-title\" >Aroma<\/div>\n\t\t<span class=\"gg-horizontal-line\" ><\/span>\n\t\t<div class=\"infobox-description\" ><p><span style=\"color: #ffffff;\">Boa concentra\u00e7\u00e3o arom\u00e1tica onde se destaca a fruta preta<\/span><br \/>\n<span style=\"color: #ffffff;\">madura, harmonizada.<\/span><\/p>\n<\/div>\n\t<\/div> \n\t<div class=\"gg-infobox  text-align-left\" >\n\t\t<div class=\"infobox-title\" >Castas<\/div>\n\t\t<span class=\"gg-horizontal-line\" ><\/span>\n\t\t<div class=\"infobox-description\" ><p><span style=\"color: #ffffff;\">Alicante Bouschet e Syrah<\/span><\/p>\n<\/div>\n\t<\/div> <\/div><\/div><\/div><\/div>","protected":false},"excerpt":{"rendered":"<p>Apresenta uma boa concentra\u00e7\u00e3o arom\u00e1tica onde se destaca a fruta preta<br \/>\nmadura, harmonizada com taninos redondos estruturantes e um bom<br \/>\nvolume de boca.<\/p>","protected":false},"featured_media":4528,"comment_status":"open","ping_status":"closed","template":"","meta":[],"product_cat":[20],"product_tag":[],"class_list":{"0":"post-4527","1":"product","2":"type-product","3":"status-publish","4":"has-post-thumbnail","6":"product_cat-tintos","7":"has_thumb","9":"first","10":"instock","11":"taxable","12":"shipping-taxable","13":"purchasable","14":"product-type-simple"},"_links":{"self":[{"href":"https:\/\/montedojoaomartins.pt\/en\/wp-json\/wp\/v2\/product\/4527","targetHints":{"allow":["GET"]}}],"collection":[{"href":"https:\/\/montedojoaomartins.pt\/en\/wp-json\/wp\/v2\/product"}],"about":[{"href":"https:\/\/montedojoaomartins.pt\/en\/wp-json\/wp\/v2\/types\/product"}],"replies":[{"embeddable":true,"href":"https:\/\/montedojoaomartins.pt\/en\/wp-json\/wp\/v2\/comments?post=4527"}],"wp:featuredmedia":[{"embeddable":true,"href":"https:\/\/montedojoaomartins.pt\/en\/wp-json\/wp\/v2\/media\/4528"}],"wp:attachment":[{"href":"https:\/\/montedojoaomartins.pt\/en\/wp-json\/wp\/v2\/media?parent=4527"}],"wp:term":[{"taxonomy":"product_cat","embeddable":true,"href":"https:\/\/montedojoaomartins.pt\/en\/wp-json\/wp\/v2\/product_cat?post=4527"},{"taxonomy":"product_tag","embeddable":true,"href":"https:\/\/montedojoaomartins.pt\/en\/wp-json\/wp\/v2\/product_tag?post=4527"}],"curies":[{"name":"wp","href":"https:\/\/api.w.org\/{rel}","templated":true}]}}