{"id":4397,"date":"2025-04-15T07:59:43","date_gmt":"2025-04-15T07:59:43","guid":{"rendered":"https:\/\/montedojoaomartins.pt\/?post_type=product&#038;p=4397"},"modified":"2025-12-05T10:10:03","modified_gmt":"2025-12-05T10:10:03","slug":"caixa-de-madeira-3-garrafas-reserva-syrah-2017","status":"publish","type":"product","link":"https:\/\/montedojoaomartins.pt\/en\/product\/caixa-de-madeira-3-garrafas-reserva-syrah-2017\/","title":{"rendered":"Caixa de Madeira &#8211; 3 garrafas Reserva Syrah 2017"},"content":{"rendered":"<p>A tipicidade do clima, solos gran\u00edticos e altitude propiciam uma matura\u00e7\u00e3o das uvas equilibrada. Este \u00e9 um vinho de aromas a especiarias, frutos bem maduros, complexados pelo est\u00e1gio em barrica. Na boca tem frutos do bosque casados com baunilha, notas de chocolate preto e taninos vigorosos. \u00c9 equilibrado, de perfil complexo e persistente.<\/p>","protected":false},"excerpt":{"rendered":"<p>A tipicidade do clima, solos gran\u00edticos e altitude propiciam uma matura\u00e7\u00e3o das uvas equilibrada. Este \u00e9 um vinho de aromas a especiarias, frutos bem maduros, complexados pelo est\u00e1gio em barrica. Na boca tem frutos do bosque casados com baunilha, notas de chocolate preto e taninos vigorosos. \u00c9 equilibrado, de perfil complexo e persistente.<\/p>","protected":false},"featured_media":4538,"comment_status":"open","ping_status":"closed","template":"","meta":[],"product_cat":[20],"product_tag":[],"class_list":{"0":"post-4397","1":"product","2":"type-product","3":"status-publish","4":"has-post-thumbnail","6":"product_cat-tintos","7":"has_thumb","9":"first","10":"instock","11":"taxable","12":"shipping-taxable","13":"purchasable","14":"product-type-simple"},"_links":{"self":[{"href":"https:\/\/montedojoaomartins.pt\/en\/wp-json\/wp\/v2\/product\/4397","targetHints":{"allow":["GET"]}}],"collection":[{"href":"https:\/\/montedojoaomartins.pt\/en\/wp-json\/wp\/v2\/product"}],"about":[{"href":"https:\/\/montedojoaomartins.pt\/en\/wp-json\/wp\/v2\/types\/product"}],"replies":[{"embeddable":true,"href":"https:\/\/montedojoaomartins.pt\/en\/wp-json\/wp\/v2\/comments?post=4397"}],"wp:featuredmedia":[{"embeddable":true,"href":"https:\/\/montedojoaomartins.pt\/en\/wp-json\/wp\/v2\/media\/4538"}],"wp:attachment":[{"href":"https:\/\/montedojoaomartins.pt\/en\/wp-json\/wp\/v2\/media?parent=4397"}],"wp:term":[{"taxonomy":"product_cat","embeddable":true,"href":"https:\/\/montedojoaomartins.pt\/en\/wp-json\/wp\/v2\/product_cat?post=4397"},{"taxonomy":"product_tag","embeddable":true,"href":"https:\/\/montedojoaomartins.pt\/en\/wp-json\/wp\/v2\/product_tag?post=4397"}],"curies":[{"name":"wp","href":"https:\/\/api.w.org\/{rel}","templated":true}]}}