{"id":3915,"date":"2020-09-15T16:53:12","date_gmt":"2020-09-15T16:53:12","guid":{"rendered":"http:\/\/montedojoaomartins.pt\/?post_type=product&#038;p=3915"},"modified":"2025-09-10T14:46:26","modified_gmt":"2025-09-10T14:46:26","slug":"reserva-tinto-syrah-2014","status":"publish","type":"product","link":"https:\/\/montedojoaomartins.pt\/en\/product\/reserva-tinto-syrah-2014\/","title":{"rendered":"Reserva \u2013 Alicante Bouschet 2018"},"content":{"rendered":"<div class=\"vc_row wpb_row vc_row-fluid vc_custom_1579167632541 vc_row-o-equal-height vc_row-flex\"><div class=\"wpb_column vc_column_container vc_col-sm-6 vc_col-has-fill\"><div class=\"vc_column-inner vc_custom_1730896057699\"><div class=\"wpb_wrapper\">\n\t<div class=\"title-subtitle-box  vc_custom_1599557932137\" style=\" text-align: left;\">\n\t\t<h1 style=\" font-weight: normal;\" class=\"special-title\" >Notas de prova<\/h1>\n\t<\/div> \n\t<div class=\"gg-infobox  text-align-left\" >\n\t\t<div class=\"infobox-title\" >Aroma<\/div>\n\t\t<span class=\"gg-horizontal-line\" ><\/span>\n\t\t<div class=\"infobox-description\" ><p>Este \u00e9 um vinho de aromas a especiarias, frutos bem maduros, complexados pelo est\u00e1gio em barrica.<\/p>\n<\/div>\n\t<\/div> \n\t<div class=\"gg-infobox  text-align-left\" >\n\t\t<div class=\"infobox-title\" >Castas<\/div>\n\t\t<span class=\"gg-horizontal-line\" ><\/span>\n\t\t<div class=\"infobox-description\" ><p>100% Alicante Bouschet<\/p>\n<\/div>\n\t<\/div> <\/div><\/div><\/div><\/div>","protected":false},"excerpt":{"rendered":"<p>A tipicidade do clima, solos gran\u00edticos e altitudepropiciam uma matura\u00e7\u00e3o das uvas equilibrada. Este \u00e9 um vinho de aromas a especiarias, frutos bem maduros, complexados pelo est\u00e1gio em barrica. Na boca tem frutos do bosque casados com baunilha, notas de chocolate preto e taninos vigorosos. \u00c9 equilibrado, perfil complexo e persistente.<\/p>","protected":false},"featured_media":4433,"comment_status":"open","ping_status":"closed","template":"","meta":[],"product_cat":[20],"product_tag":[],"class_list":{"0":"post-3915","1":"product","2":"type-product","3":"status-publish","4":"has-post-thumbnail","6":"product_cat-tintos","7":"has_thumb","9":"first","10":"instock","11":"taxable","12":"shipping-taxable","13":"purchasable","14":"product-type-simple"},"_links":{"self":[{"href":"https:\/\/montedojoaomartins.pt\/en\/wp-json\/wp\/v2\/product\/3915","targetHints":{"allow":["GET"]}}],"collection":[{"href":"https:\/\/montedojoaomartins.pt\/en\/wp-json\/wp\/v2\/product"}],"about":[{"href":"https:\/\/montedojoaomartins.pt\/en\/wp-json\/wp\/v2\/types\/product"}],"replies":[{"embeddable":true,"href":"https:\/\/montedojoaomartins.pt\/en\/wp-json\/wp\/v2\/comments?post=3915"}],"wp:featuredmedia":[{"embeddable":true,"href":"https:\/\/montedojoaomartins.pt\/en\/wp-json\/wp\/v2\/media\/4433"}],"wp:attachment":[{"href":"https:\/\/montedojoaomartins.pt\/en\/wp-json\/wp\/v2\/media?parent=3915"}],"wp:term":[{"taxonomy":"product_cat","embeddable":true,"href":"https:\/\/montedojoaomartins.pt\/en\/wp-json\/wp\/v2\/product_cat?post=3915"},{"taxonomy":"product_tag","embeddable":true,"href":"https:\/\/montedojoaomartins.pt\/en\/wp-json\/wp\/v2\/product_tag?post=3915"}],"curies":[{"name":"wp","href":"https:\/\/api.w.org\/{rel}","templated":true}]}}