{"id":3993,"date":"2020-12-04T09:39:33","date_gmt":"2020-12-04T09:39:33","guid":{"rendered":"http:\/\/montedojoaomartins.pt\/?page_id=3993"},"modified":"2020-12-04T10:21:03","modified_gmt":"2020-12-04T10:21:03","slug":"resolucao-amigavel-de-litigios","status":"publish","type":"page","link":"https:\/\/montedojoaomartins.pt\/en\/resolucao-amigavel-de-litigios\/","title":{"rendered":"Resolu\u00e7\u00e3o Amig\u00e1vel de Lit\u00edgios"},"content":{"rendered":"<p>&nbsp;<\/p>\n<p>Em caso de lit\u00edgio, informamos que o consumidor pode recorrer \u00e0s entidades de Resolu\u00e7\u00e3o Alternativa de Lit\u00edgios de consumo identificadas no portal do consumidor, no s\u00edtio eletr\u00f3nico www.consumidor.pt, ou de Resolu\u00e7\u00e3o de Lit\u00edgios de consumo em Linha identificadas no s\u00edtio eletr\u00f3nico https:\/\/webgate.ec.europa.eu\/odr.<\/p>\n<p>&nbsp;<\/p>\n<p>As entidades de resolu\u00e7\u00e3o alternativa de lit\u00edgios atualmente existentes s\u00e3o as seguintes:<\/p>\n<p>&nbsp;<\/p>\n<p>CNIACC &#8211; Centro Nacional de Informa\u00e7\u00e3o e Arbitragem de Conflitos de Consumo<\/p>\n<p>Compet\u00eancia gen\u00e9rica<\/p>\n<p>E-mail: cniacc@unl.pt<\/p>\n<p>Web: http:\/\/www.arbitragemdeconsumo.org<\/p>\n<p>&nbsp;<\/p>\n<p>Centro de Informa\u00e7\u00e3o, Medi\u00e7\u00e3o e arbitragem de Conflitos de Consumo do Algarve<\/p>\n<p>\u00c1rea geogr\u00e1fica abrangida &#8211; contratos celebrados no Distrito de Faro<\/p>\n<p>E-mail: apoio@consumidoronline.pt<\/p>\n<p>Web: http:\/\/www.consumidoronline.pt\/<\/p>\n<p>&nbsp;<\/p>\n<p>Centro de Arbitragem de Conflitos de Consumo do Distrito de Coimbra<\/p>\n<p>\u00c1rea geogr\u00e1fica abrangida &#8211; contratos celebrados nos munic\u00edpios de: Arganil, Cantanhede, Coimbra, Condeixa-a-Nova, Figueira da Foz, G\u00f3is, Lous\u00e3, Mira, Miranda do Corvo, Montemor-o-Velho, Oliveira do Hospital, Penacova, Penela, Soure, T\u00e1bua, Vila Nova de Poiares.<\/p>\n<p>E-mail: geral@centrodearbitragemdecoimbra.com<\/p>\n<p>Web: http:\/\/www.centrodearbitragemdecoimbra.com<\/p>\n<p>&nbsp;<\/p>\n<p>Centro de Arbitragem de Conflitos de Consumo de Lisboa<\/p>\n<p>\u00c1rea geogr\u00e1fica de abrang\u00eancia &#8211; contratos celebrados na \u00c1rea Metropolitana de Lisboa: Lisboa, Alcochete, Almada, Amadora, Azambuja, Barreiro, Cascais, Lisboa, Loures, Mafra, Moita, Montijo, Odivelas, Oeiras, Palmela, Seixal, Sesimbra, Set\u00fabal, Sintra e Vila Franca de Xira.<\/p>\n<p>E-mail: juridico@centroarbitragemlisboa.pt \/ director@centroarbitragemlisboa.pt<\/p>\n<p>Web: http:\/\/www.centroarbitragemlisboa.pt<\/p>\n<p>&nbsp;<\/p>\n<p>Centro de Informa\u00e7\u00e3o de Consumo e Arbitragem do Porto<\/p>\n<p>\u00c1rea geogr\u00e1fica de abrang\u00eancia &#8211; contratos celebrados na \u00c1rea Metropolitana do Porto: Arouca, Espinho, Gondomar, Maia, Matosinhos, Oliveira de Azem\u00e9is, Porto, P\u00f3voa de Varzim, Santa Maria da Feira, Santo Tirso, S\u00e3o Jo\u00e3o da Madeira, Trofa, Vale de Cambra, Valongo, Vila do Conde e Vila Nova de Gaia.<\/p>\n<p>E-mail: cicap@mail.telepac.pt<\/p>\n<p>Web: http:\/\/www.cicap.pt<\/p>\n<p>&nbsp;<\/p>\n<p>Centro de Arbitragem de Conflitos de Consumo do Vale do Ave \/ Tribunal Arbitral<\/p>\n<p>\u00c1rea geogr\u00e1fica de abrang\u00eancia &#8211; contratos celebrados nos munic\u00edpios de: Cabeceiras de Basto, Fafe, Felgueiras, Guimar\u00e3es, P\u00f3voa de Lanhoso, P\u00f3voa de Varzim, Santo Tirso, Trofa, Vila do Conde, Vila Nova de Famalic\u00e3o, Vizela, Vieira do Minho e Vizela.<\/p>\n<p>E-mail: triave@gmail.com<\/p>\n<p>Web: http:\/\/www.triave.pt<\/p>\n<p>&nbsp;<\/p>\n<p>CIAB \u2013 Centro de Informa\u00e7\u00e3o, Arbitragem e Conflitos do Consumo<\/p>\n<p>\u00c1rea geogr\u00e1fica de Amares, Arcos de Valdevez, Barcelos, Braga, Caminha, Esposende, Melga\u00e7o, Mon\u00e7\u00e3o, Montalegre, Paredes de Coura, Ponte da Barca, P\u00f3voa do Lanhoso, Terras do Bouro, Valen\u00e7a, Viana do Castelo, Vila Nova de Cerveira, Vieira do Minho e Vila Verde.<\/p>\n<p>Email: geral@ciab.pt<\/p>\n<p>Web: http:\/\/www.ciab.pt<\/p>\n<p>&nbsp;<\/p>\n<p>Centro de Arbitragem de Conflitos de Consumo da Madeira<\/p>\n<p>Email: centroarbitragem.sras@gov-madeira.pt<\/p>\n<p>Web: http:\/\/www.srrh.gov-madeira.pt<\/p>\n<p>&nbsp;<\/p>\n<p>Mais informa\u00e7\u00f5es em Portal do Consumidor &#8211; www.consumidor.pt<\/p>","protected":false},"excerpt":{"rendered":"<p>&nbsp; Em caso de lit\u00edgio, informamos que o consumidor pode recorrer \u00e0s entidades de Resolu\u00e7\u00e3o Alternativa de Lit\u00edgios de consumo identificadas no portal do consumidor, no s\u00edtio eletr\u00f3nico www.consumidor.pt, ou de Resolu\u00e7\u00e3o de Lit\u00edgios de consumo em Linha identificadas no s\u00edtio eletr\u00f3nico https:\/\/webgate.ec.europa.eu\/odr. &nbsp; As entidades de resolu\u00e7\u00e3o alternativa de lit\u00edgios atualmente existentes s\u00e3o as<\/p>\n<p class=\"more-link-wrapper\"><a class=\"btn btn-primary\" href=\"https:\/\/montedojoaomartins.pt\/en\/resolucao-amigavel-de-litigios\/\">Read More<\/a><\/p>","protected":false},"author":1,"featured_media":0,"parent":0,"menu_order":0,"comment_status":"closed","ping_status":"closed","template":"","meta":{"footnotes":""},"class_list":["post-3993","page","type-page","status-publish","hentry"],"_links":{"self":[{"href":"https:\/\/montedojoaomartins.pt\/en\/wp-json\/wp\/v2\/pages\/3993","targetHints":{"allow":["GET"]}}],"collection":[{"href":"https:\/\/montedojoaomartins.pt\/en\/wp-json\/wp\/v2\/pages"}],"about":[{"href":"https:\/\/montedojoaomartins.pt\/en\/wp-json\/wp\/v2\/types\/page"}],"author":[{"embeddable":true,"href":"https:\/\/montedojoaomartins.pt\/en\/wp-json\/wp\/v2\/users\/1"}],"replies":[{"embeddable":true,"href":"https:\/\/montedojoaomartins.pt\/en\/wp-json\/wp\/v2\/comments?post=3993"}],"version-history":[{"count":2,"href":"https:\/\/montedojoaomartins.pt\/en\/wp-json\/wp\/v2\/pages\/3993\/revisions"}],"predecessor-version":[{"id":3998,"href":"https:\/\/montedojoaomartins.pt\/en\/wp-json\/wp\/v2\/pages\/3993\/revisions\/3998"}],"wp:attachment":[{"href":"https:\/\/montedojoaomartins.pt\/en\/wp-json\/wp\/v2\/media?parent=3993"}],"curies":[{"name":"wp","href":"https:\/\/api.w.org\/{rel}","templated":true}]}}