{"id":3,"date":"2020-08-19T15:55:14","date_gmt":"2020-08-19T15:55:14","guid":{"rendered":"http:\/\/montedojoaomartins.pt\/?page_id=3"},"modified":"2021-10-22T14:06:24","modified_gmt":"2021-10-22T14:06:24","slug":"politica-privacidade","status":"publish","type":"page","link":"https:\/\/montedojoaomartins.pt\/en\/politica-privacidade\/","title":{"rendered":"Politica de Privacidade"},"content":{"rendered":"<p>Este documento refere-se \u00e0 prote\u00e7\u00e3o de pessoas singulares no que respeita ao tratamento de dados pessoais e \u00e0 livre circula\u00e7\u00e3o desses dados e \u00e9 integralmente regulado pela lei portuguesa.<\/p>\r\n<p>&nbsp;<\/p>\r\n<p>O MONTE DO JO\u00c3O MARTINS \u00a0assume o compromisso permanente de proteger a privacidade dos dados pessoais fornecidos pelos seus clientes no \u00e2mbito dos servi\u00e7os por ela prestados.<\/p>\r\n<p>&nbsp;<\/p>\r\n<p>Este documento visa, assim, prestar aos utilizadores a informa\u00e7\u00e3o necess\u00e1ria relativamente \u00e0 pol\u00edtica de privacidade da O O MONTE DO JO\u00c3O MARTINS , de modo a que estes possam dar o seu consentimento expresso, livre e informado ao processamento dos seus dados pessoais realizado pela O O MONTE DO JO\u00c3O MARTINS , quando tal lhes for solicitado durante o processo de subscri\u00e7\u00e3o dos servi\u00e7os.<\/p>\r\n<p>&nbsp;<\/p>\r\n<h4 class=\"wp-block-heading\">\u00c2mbito da nossa Pol\u00edtica de Privacidade<\/h4>\r\n<p>A presente pol\u00edtica de privacidade abrange este website. A equipa do MONTE DO JO\u00c3O MARTINS respeita a privacidade do Utilizador e processa os seus dados pessoais de acordo com as leis em vigor. Os dados n\u00e3o ser\u00e3o processados para quaisquer outros fins que n\u00e3o os aqui especificados. O MONTE DO JO\u00c3O MARTINS reserva-se no direito de atualizar ou modificar a sua Pol\u00edtica de Privacidade a qualquer momento, nomeadamente, de forma a adapt\u00e1-la a altera\u00e7\u00f5es legislativas.<\/p>\r\n<p>&nbsp;<\/p>\r\n<h4>Para que fins s\u00e3o recolhidos dados pessoais do Utilizador?<\/h4>\r\n<p>Os dados recolhidos nos formul\u00e1rios do website destinam-se exclusivamente ao processamento dos pedidos dos utilizadores, e n\u00e3o ser\u00e3o usados para qualquer outro processamento.<\/p>\r\n<p>Os dados recolhidos na subscri\u00e7\u00e3o da newsletter destinam-se exclusivamente \u00e1 comunica\u00e7\u00e3o e divulga\u00e7\u00e3o por parte da O MONTE DO JO\u00c3O MARTINS aos mesmos, dos produtos que comercializa.<\/p>\r\n<p>&nbsp;<\/p>\r\n<h4>O MONTE DO JO\u00c3O MARTINS utiliza os dados pessoais recolhidos para Marketing?<\/h4>\r\n<p>A equipa do MONTE DO JO\u00c3O MARTINS n\u00e3o utilizar\u00e1 os seus dados pessoais para lhe enviar qualquer correio n\u00e3o solicitado cujo conte\u00fado n\u00e3o tenha recebido o seu consentimento expl\u00edcito. O MONTE DO JO\u00c3O MARTINS n\u00e3o vende nem negocia os seus dados com terceiros.<\/p>\r\n<p>&nbsp;<\/p>\r\n<p>O MONTE DO JO\u00c3O MARTINS \u00a0tem um servi\u00e7o de subscri\u00e7\u00e3o no seu website, que estabelece mecanismos automatizados de envio de conte\u00fado restritamente selecionado. Os utilizadores, caso pretendam, poder\u00e3o desativar este servi\u00e7o de uma forma f\u00e1cil e gratuita. Para tal, o utilizador dever\u00e1 aceder ao seu e-mail e nas notifica\u00e7\u00f5es em quest\u00e3o pedir a desativa\u00e7\u00e3o do servi\u00e7o clicando em \u201cCancelar Subscri\u00e7\u00e3o\u201d. Desta forma, poder\u00e1 excluir-se do servi\u00e7o seguindo as instru\u00e7\u00f5es que indicadas na p\u00e1gina de cancelamento da subscri\u00e7\u00e3o.<\/p>\r\n<p>&nbsp;<\/p>\r\n<h4>Quem tem acesso aos dados pessoais do Utilizador?<\/h4>\r\n<p>O MONTE DO JO\u00c3O MARTINS n\u00e3o divulga a terceiros quaisquer dados pessoais dos seus Clientes e Utilizadores, sem o seu consentimento, exceto quando tal for exigido por lei.<\/p>\r\n<p>&nbsp;<\/p>\r\n<h4>Onde s\u00e3o guardados os dados do Utilizador?<\/h4>\r\n<p>O MONTE DO JO\u00c3O MARTINS guarda os dados dos seus clientes e Utilizadores nos seus servidores localizados na Uni\u00e3o Europeia. Estes servidores s\u00e3o protegidos e mantidos de acordo com os mais elevados standards de seguran\u00e7a e por forma a respeitar as leis de privacidade aplic\u00e1veis. Caso deseje ser removido da nossa base de dados, poder\u00e1 exercer esse direito, contactando-nos atrav\u00e9s dos diversos meios dispon\u00edveis no site.<\/p>\r\n<p>&nbsp;<\/p>\r\n<h4>O MONTE DO JO\u00c3O MARTINS \u00a0utiliza cookies no seu Website?<\/h4>\r\n<p>O website do MONTE DO JO\u00c3O MARTINS utiliza cookies em determinadas \u00e1reas. Os cookies s\u00e3o ficheiros que armazenam informa\u00e7\u00f5es no disco r\u00edgido ou browser do Utilizador, permitindo que os websites o reconhe\u00e7am e saibam que j\u00e1 os visitou anteriormente. O Utilizador pode configurar o seu browser para recusar os cookies, por\u00e9m nesse caso, o website ou partes do mesmo podem n\u00e3o funcionar corretamente. Os cookies s\u00e3o utilizados para monitorizar e analisar a utiliza\u00e7\u00e3o do website, permitindo ao MONTE DO JO\u00c3O MARTINS proporcionar a melhor experi\u00eancia de utiliza\u00e7\u00e3o.<\/p>\r\n<p>&nbsp;<\/p>\r\n<p>Contacto:<\/p>\r\n<p>Para qualquer informa\u00e7\u00e3o a fim de exercer os direitos previstos na lei, nos termos acima descritos a, o cliente poder\u00e1 escrever para:<\/p>\r\n<p>Adega \u2013 Monte do Jo\u00e3o Martins<br \/>EN 246 (Portalegre \u2013 Castelo de Vide) km 18.2<\/p>\r\n<p>Email: <a class=\"link_vermelho\" href=\"mailto:montedojoaomartins@miraldino.pt\">montedojoaomartins@miraldino.pt<\/a><\/p>","protected":false},"excerpt":{"rendered":"<p>Este documento refere-se \u00e0 prote\u00e7\u00e3o de pessoas singulares no que respeita ao tratamento de dados pessoais e \u00e0 livre circula\u00e7\u00e3o desses dados e \u00e9 integralmente regulado pela lei portuguesa. &nbsp; O MONTE DO JO\u00c3O MARTINS \u00a0assume o compromisso permanente de proteger a privacidade dos dados pessoais fornecidos pelos seus clientes no \u00e2mbito dos servi\u00e7os por<\/p>\n<p class=\"more-link-wrapper\"><a class=\"btn btn-primary\" href=\"https:\/\/montedojoaomartins.pt\/en\/politica-privacidade\/\">Read More<\/a><\/p>","protected":false},"author":1,"featured_media":0,"parent":0,"menu_order":0,"comment_status":"closed","ping_status":"open","template":"","meta":{"footnotes":""},"class_list":["post-3","page","type-page","status-publish","hentry"],"_links":{"self":[{"href":"https:\/\/montedojoaomartins.pt\/en\/wp-json\/wp\/v2\/pages\/3","targetHints":{"allow":["GET"]}}],"collection":[{"href":"https:\/\/montedojoaomartins.pt\/en\/wp-json\/wp\/v2\/pages"}],"about":[{"href":"https:\/\/montedojoaomartins.pt\/en\/wp-json\/wp\/v2\/types\/page"}],"author":[{"embeddable":true,"href":"https:\/\/montedojoaomartins.pt\/en\/wp-json\/wp\/v2\/users\/1"}],"replies":[{"embeddable":true,"href":"https:\/\/montedojoaomartins.pt\/en\/wp-json\/wp\/v2\/comments?post=3"}],"version-history":[{"count":3,"href":"https:\/\/montedojoaomartins.pt\/en\/wp-json\/wp\/v2\/pages\/3\/revisions"}],"predecessor-version":[{"id":3989,"href":"https:\/\/montedojoaomartins.pt\/en\/wp-json\/wp\/v2\/pages\/3\/revisions\/3989"}],"wp:attachment":[{"href":"https:\/\/montedojoaomartins.pt\/en\/wp-json\/wp\/v2\/media?parent=3"}],"curies":[{"name":"wp","href":"https:\/\/api.w.org\/{rel}","templated":true}]}}