{"id":2081,"date":"2019-12-12T15:52:39","date_gmt":"2019-12-12T15:52:39","guid":{"rendered":"http:\/\/okthemes.com\/lucia-vineyards-demo\/?page_id=2081"},"modified":"2024-12-09T21:50:41","modified_gmt":"2024-12-09T21:50:41","slug":"enologo-equipa","status":"publish","type":"page","link":"https:\/\/montedojoaomartins.pt\/en\/sobre\/enologo-equipa\/","title":{"rendered":"Equipa"},"content":{"rendered":"<div class=\"vc_row wpb_row vc_row-fluid vc_row-o-equal-height vc_row-o-content-middle vc_row-flex\"><div class=\"wpb_column vc_column_container vc_col-sm-6 vc_col-has-fill\"><div class=\"vc_column-inner vc_custom_1729685015705\"><div class=\"wpb_wrapper\"><div class=\"vc_row wpb_row vc_inner vc_row-fluid\"><div class=\"wpb_column vc_column_container vc_col-sm-12\"><div class=\"vc_column-inner\"><div class=\"wpb_wrapper\">\n\t<div class=\"title-subtitle-box\" style=\" text-align: left;\">\n\t\t<h1 style=\" font-weight: normal;\" class=\"special-title\" >\n\t\t<span class=\"toptitle\" style=\" color:#cd9e2a; \">CEO<\/span>Filipe Mendes<\/h1>\n\t\t<span class=\"gg-horizontal-line\"><\/span>\n\t<\/div> <\/div><\/div><\/div><\/div><div class=\"vc_row wpb_row vc_inner vc_row-fluid\"><div class=\"wpb_column vc_column_container vc_col-sm-12\"><div class=\"vc_column-inner\"><div class=\"wpb_wrapper\">\n\t<div class=\"wpb_text_column wpb_content_element\" >\n\t\t<div class=\"wpb_wrapper\">\n\t\t\t\n\t\t<\/div>\n\t<\/div>\n<\/div><\/div><\/div><\/div><div class=\"vc_row wpb_row vc_inner vc_row-fluid vc_custom_1578664829427\"><div class=\"wpb_column vc_column_container vc_col-sm-12 vc_col-md-4\"><div class=\"vc_column-inner\"><div class=\"wpb_wrapper\">\n\t<div class=\"gg-special-link-wrapper  text-align-left\"><a  class=\"gg-special-link underline_effect\" href=\"#\" title=\"\" target=\"_self\">Facebook<\/a><\/div><\/div><\/div><\/div><div class=\"wpb_column vc_column_container vc_col-sm-12 vc_col-md-4\"><div class=\"vc_column-inner\"><div class=\"wpb_wrapper\">\n\t<div class=\"gg-special-link-wrapper  text-align-left\"><a  class=\"gg-special-link underline_effect\" href=\"#\" title=\"\" target=\"_self\">Instagram<\/a><\/div><\/div><\/div><\/div><div class=\"wpb_column vc_column_container vc_col-sm-12 vc_col-md-4\"><div class=\"vc_column-inner\"><div class=\"wpb_wrapper\">\n\t<div class=\"gg-special-link-wrapper  text-align-left\"><a  class=\"gg-special-link underline_effect\" href=\"#\" title=\"\" target=\"_self\">Linkedin<\/a><\/div><\/div><\/div><\/div><\/div><\/div><\/div><\/div><div class=\"reveal-effect masker wow wpb_column vc_column_container vc_col-sm-6 vc_col-has-fill\"><div class=\"vc_column-inner vc_custom_1733703458507\"><div class=\"wpb_wrapper\"><div class=\"vc_empty_space\"   style=\"height: 500px\"><span class=\"vc_empty_space_inner\"><\/span><\/div><\/div><\/div><\/div><\/div><div class=\"vc_row wpb_row vc_row-fluid vc_row-o-equal-height vc_row-o-content-middle vc_row-flex\"><div class=\"reveal-effect masker wow wpb_column vc_column_container vc_col-sm-6 vc_col-has-fill\"><div class=\"vc_column-inner vc_custom_1733781028603\"><div class=\"wpb_wrapper\"><div class=\"vc_empty_space\"   style=\"height: 500px\"><span class=\"vc_empty_space_inner\"><\/span><\/div><\/div><\/div><\/div><div class=\"wpb_column vc_column_container vc_col-sm-6 vc_col-has-fill\"><div class=\"vc_column-inner vc_custom_1729685062984\"><div class=\"wpb_wrapper\"><div class=\"vc_row wpb_row vc_inner vc_row-fluid\"><div class=\"wpb_column vc_column_container vc_col-sm-12\"><div class=\"vc_column-inner\"><div class=\"wpb_wrapper\">\n\t<div class=\"title-subtitle-box\" style=\" text-align: left;\">\n\t\t<h1 style=\" font-weight: normal;\" class=\"special-title\" >\n\t\t<span class=\"toptitle\" style=\" color:#4f5da1; \">CEO<\/span>Alexandra Mendes<\/h1>\n\t\t<span class=\"gg-horizontal-line\"><\/span>\n\t<\/div> <\/div><\/div><\/div><\/div><div class=\"vc_row wpb_row vc_inner vc_row-fluid\"><div class=\"wpb_column vc_column_container vc_col-sm-12\"><div class=\"vc_column-inner\"><div class=\"wpb_wrapper\">\n\t<div class=\"wpb_text_column wpb_content_element\" >\n\t\t<div class=\"wpb_wrapper\">\n\t\t\t\n\t\t<\/div>\n\t<\/div>\n<\/div><\/div><\/div><\/div><div class=\"vc_row wpb_row vc_inner vc_row-fluid vc_custom_1578664829427\"><div class=\"wpb_column vc_column_container vc_col-sm-12 vc_col-md-4\"><div class=\"vc_column-inner\"><div class=\"wpb_wrapper\">\n\t<div class=\"gg-special-link-wrapper  text-align-left\"><a  class=\"gg-special-link underline_effect\" href=\"#\" title=\"\" target=\"_self\">Facebook<\/a><\/div><\/div><\/div><\/div><div class=\"wpb_column vc_column_container vc_col-sm-12 vc_col-md-4\"><div class=\"vc_column-inner\"><div class=\"wpb_wrapper\">\n\t<div class=\"gg-special-link-wrapper  text-align-left\"><a  class=\"gg-special-link underline_effect\" href=\"#\" title=\"\" target=\"_self\">Instagram<\/a><\/div><\/div><\/div><\/div><div class=\"wpb_column vc_column_container vc_col-sm-12 vc_col-md-4\"><div class=\"vc_column-inner\"><div class=\"wpb_wrapper\">\n\t<div class=\"gg-special-link-wrapper  text-align-left\"><a  class=\"gg-special-link underline_effect\" href=\"#\" title=\"\" target=\"_self\">Linkedin<\/a><\/div><\/div><\/div><\/div><\/div><\/div><\/div><\/div><\/div><div class=\"vc_row wpb_row vc_row-fluid\"><div class=\"wpb_column vc_column_container vc_col-sm-2\"><div class=\"vc_column-inner\"><div class=\"wpb_wrapper\"><\/div><\/div><\/div><div class=\"background-position-center wpb_column vc_column_container vc_col-sm-8 vc_col-has-fill\"><div class=\"vc_column-inner vc_custom_1576836932037\"><div class=\"wpb_wrapper\">\n\t<blockquote style=\"color: #d6a330;\" class=\"gg-vc-quote  remove_blockquotes font_size_normal text-align-center\">\n\tEmbora existam vinhas vizinhas com componentes fisiol\u00f3gicos semelhantes, existe apenas um Monte do Jo\u00e3o Martins e a cultura encontra uma nova forma de brilhar a cada colheita.\n\t<\/blockquote><\/div><\/div><\/div><div class=\"wpb_column vc_column_container vc_col-sm-2\"><div class=\"vc_column-inner\"><div class=\"wpb_wrapper\"><\/div><\/div><\/div><\/div><div class=\"vc_row wpb_row vc_row-fluid\"><div class=\"wpb_column vc_column_container vc_col-sm-12\"><div class=\"vc_column-inner vc_custom_1580216234559\"><div class=\"wpb_wrapper\">\n\t<div class=\"title-subtitle-box  vc_custom_1731876462163\" style=\" text-align: center;\">\n\t\t<h1 style=\" color:#4f5da1;  font-weight: normal;\" class=\"special-title\" >\n\t\t<span class=\"toptitle\" style=\" color:#d6a330; \">Quem pisa o terreno<\/span>Equipa da Adega<\/h1>\n\t<\/div> <div class=\"vc_row wpb_row vc_inner vc_row-fluid\"><div class=\"wpb_column vc_column_container vc_col-sm-4\"><div class=\"vc_column-inner\"><div class=\"wpb_wrapper\">\n\t<div class=\"team-member-box  text-align-left\">\n\t\t<figure>\n\t\t<div class=\"team-image-wrapper reveal-effect masker wow\">\n\t\t\t<img loading=\"lazy\" decoding=\"async\" width=\"1000\" height=\"900\" src=\"https:\/\/montedojoaomartins.pt\/wp-content\/uploads\/2024\/08\/joachim-2.jpg\" class=\"vc_single_image-img attachment-full\" alt=\"\" srcset=\"https:\/\/montedojoaomartins.pt\/wp-content\/uploads\/2024\/08\/joachim-2.jpg 1000w, https:\/\/montedojoaomartins.pt\/wp-content\/uploads\/2024\/08\/joachim-2-300x270.jpg 300w, https:\/\/montedojoaomartins.pt\/wp-content\/uploads\/2024\/08\/joachim-2-768x691.jpg 768w, https:\/\/montedojoaomartins.pt\/wp-content\/uploads\/2024\/08\/joachim-2-13x12.jpg 13w\" sizes=\"auto, (max-width: 1000px) 100vw, 1000px\" \/>\n\t\t<\/div>\n\t\t<figcaption>\n\t\t\t<div class=\"member-position\">En\u00f3logo<\/div> \n\t\t\t<h3>Joachim Roque<\/h3>\n\t\t<span class=\"gg-horizontal-line\"><\/span>\n\t\t\t<div class=\"member-description\"><p>Formado em Viti-Oeno em Bord\u00e9us \u2013 Fran\u00e7a, com v\u00e1rias experi\u00eancias internacionais . Fundador da VINIVISTA em 2009, sedeada em Estremoz-Portugal onde desenvolve projetos na \u00e1rea Vitivin\u00edcola<\/p>\n<\/div>\n\t\t<\/figcaption>\n\t\t<\/figure>\n\t<\/div> <\/div><\/div><\/div><div class=\"wpb_column vc_column_container vc_col-sm-4\"><div class=\"vc_column-inner\"><div class=\"wpb_wrapper\">\n\t<div class=\"team-member-box  text-align-left\">\n\t\t<figure>\n\t\t<div class=\"team-image-wrapper reveal-effect masker wow\">\n\t\t\t<img loading=\"lazy\" decoding=\"async\" width=\"819\" height=\"640\" src=\"https:\/\/montedojoaomartins.pt\/wp-content\/uploads\/2024\/08\/IMG_5241.jpg\" class=\"vc_single_image-img attachment-full\" alt=\"\" srcset=\"https:\/\/montedojoaomartins.pt\/wp-content\/uploads\/2024\/08\/IMG_5241.jpg 819w, https:\/\/montedojoaomartins.pt\/wp-content\/uploads\/2024\/08\/IMG_5241-300x234.jpg 300w, https:\/\/montedojoaomartins.pt\/wp-content\/uploads\/2024\/08\/IMG_5241-768x600.jpg 768w, https:\/\/montedojoaomartins.pt\/wp-content\/uploads\/2024\/08\/IMG_5241-15x12.jpg 15w\" sizes=\"auto, (max-width: 819px) 100vw, 819px\" \/>\n\t\t<\/div>\n\t\t<figcaption>\n\t\t\t<div class=\"member-position\">En\u00f3loga<\/div> \n\t\t\t<h3>Ana Paulino<\/h3>\n\t\t<span class=\"gg-horizontal-line\"><\/span>\n\t\t\t<div class=\"member-description\"><p>&nbsp;<\/p>\n<p>Formada em Eng\u00aa Alimentar em Beja, optou pela vertente de Enologia. A experi\u00eancia profissional foi adquirida desde 2011, em v\u00e1rias adegas no Alentejo. Na Vinivista est\u00e1 integrada na equipa de enologia.<\/p>\n<\/div>\n\t\t<\/figcaption>\n\t\t<\/figure>\n\t<\/div> <\/div><\/div><\/div><div class=\"wpb_column vc_column_container vc_col-sm-4\"><div class=\"vc_column-inner\"><div class=\"wpb_wrapper\">\n\t<div class=\"team-member-box  text-align-left\">\n\t\t<figure>\n\t\t<div class=\"team-image-wrapper reveal-effect masker wow\">\n\t\t\t<img loading=\"lazy\" decoding=\"async\" width=\"1000\" height=\"900\" src=\"https:\/\/montedojoaomartins.pt\/wp-content\/uploads\/2020\/02\/demo-pic-team-1000x900-1.jpg\" class=\"vc_single_image-img attachment-full\" alt=\"\" \/>\n\t\t<\/div>\n\t\t<figcaption>\n\t\t\t<div class=\"member-position\">Adegueiro<\/div> \n\t\t\t<h3>Mateus<\/h3>\n\t\t<span class=\"gg-horizontal-line\"><\/span>\n\t\t\t<div class=\"member-description\"><p>&nbsp;<\/p>\n<p>&nbsp;<\/p>\n<\/div>\n\t\t<\/figcaption>\n\t\t<\/figure>\n\t<\/div> <\/div><\/div><\/div><\/div><\/div><\/div><\/div><\/div>","protected":false},"excerpt":{"rendered":"CEOFilipe Mendes Facebook Instagram Linkedin CEOAlexandra Mendes Facebook Instagram Linkedin Embora existam vinhas vizinhas com componentes fisiol\u00f3gicos semelhantes, existe apenas um Monte do Jo\u00e3o Martins e a cultura encontra uma nova forma de brilhar a cada colheita. Quem pisa o terrenoEquipa da Adega En\u00f3logo Joachim Roque Formado em Viti-Oeno em Bord\u00e9us \u2013 Fran\u00e7a, com v\u00e1rias<p class=\"more-link-wrapper\"><a class=\"btn btn-primary\" href=\"https:\/\/montedojoaomartins.pt\/en\/sobre\/enologo-equipa\/\">Read More<\/a><\/p>","protected":false},"author":1,"featured_media":3808,"parent":2075,"menu_order":0,"comment_status":"closed","ping_status":"closed","template":"","meta":{"footnotes":""},"class_list":["post-2081","page","type-page","status-publish","has-post-thumbnail","hentry","has_thumb"],"_links":{"self":[{"href":"https:\/\/montedojoaomartins.pt\/en\/wp-json\/wp\/v2\/pages\/2081","targetHints":{"allow":["GET"]}}],"collection":[{"href":"https:\/\/montedojoaomartins.pt\/en\/wp-json\/wp\/v2\/pages"}],"about":[{"href":"https:\/\/montedojoaomartins.pt\/en\/wp-json\/wp\/v2\/types\/page"}],"author":[{"embeddable":true,"href":"https:\/\/montedojoaomartins.pt\/en\/wp-json\/wp\/v2\/users\/1"}],"replies":[{"embeddable":true,"href":"https:\/\/montedojoaomartins.pt\/en\/wp-json\/wp\/v2\/comments?post=2081"}],"version-history":[{"count":24,"href":"https:\/\/montedojoaomartins.pt\/en\/wp-json\/wp\/v2\/pages\/2081\/revisions"}],"predecessor-version":[{"id":4342,"href":"https:\/\/montedojoaomartins.pt\/en\/wp-json\/wp\/v2\/pages\/2081\/revisions\/4342"}],"up":[{"embeddable":true,"href":"https:\/\/montedojoaomartins.pt\/en\/wp-json\/wp\/v2\/pages\/2075"}],"wp:featuredmedia":[{"embeddable":true,"href":"https:\/\/montedojoaomartins.pt\/en\/wp-json\/wp\/v2\/media\/3808"}],"wp:attachment":[{"href":"https:\/\/montedojoaomartins.pt\/en\/wp-json\/wp\/v2\/media?parent=2081"}],"curies":[{"name":"wp","href":"https:\/\/api.w.org\/{rel}","templated":true}]}}