{"id":2079,"date":"2019-12-12T15:52:27","date_gmt":"2019-12-12T15:52:27","guid":{"rendered":"http:\/\/okthemes.com\/lucia-vineyards-demo\/?page_id=2079"},"modified":"2024-11-27T12:14:42","modified_gmt":"2024-11-27T12:14:42","slug":"vinhas","status":"publish","type":"page","link":"https:\/\/montedojoaomartins.pt\/en\/sobre\/vinhas\/","title":{"rendered":"Vinhas"},"content":{"rendered":"<div class=\"vc_row wpb_row vc_row-fluid vc_custom_1578919973649\"><div class=\"wpb_column vc_column_container vc_col-sm-12\"><div class=\"vc_column-inner\"><div class=\"wpb_wrapper\"><div class=\"vc_row wpb_row vc_inner vc_row-fluid vc_custom_1731625713730 vc_row-has-fill\"><div class=\"wpb_column vc_column_container vc_col-sm-2\"><div class=\"vc_column-inner\"><div class=\"wpb_wrapper\"><\/div><\/div><\/div><div class=\"wpb_column vc_column_container vc_col-sm-8\"><div class=\"vc_column-inner vc_custom_1578919983614\"><div class=\"wpb_wrapper\">\n\t<div class=\"title-subtitle-box\" style=\" text-align: center;\">\n\t\t<h1 style=\" color:#4f5da1;  font-weight: normal;\" class=\"special-title\" >\n\t\t<span class=\"toptitle\" style=\"\">Monte do Jo\u00e3o Martins<\/span>As Vinhas<\/h1>\n\t\t<span class=\"subtitle\" style=\" color:#d6a330; \">Todos os nossos terrenos vin\u00edcolas possuem Certifica\u00e7\u00e3o de Sustentabilidade, e implement\u00e1mos um programa de biodiversidade para preservar e restaurar a vida selvagem na regi\u00e3o. Estamos comprometidos em cuidar da terra de forma respons\u00e1vel, respeitando a sua ess\u00eancia natural.<\/span>\n\t<\/div> <\/div><\/div><\/div><div class=\"wpb_column vc_column_container vc_col-sm-2\"><div class=\"vc_column-inner\"><div class=\"wpb_wrapper\"><\/div><\/div><\/div><\/div><\/div><\/div><\/div><\/div><div class=\"vc_row wpb_row vc_row-fluid vc_custom_1578503001407\"><div class=\"wpb_column vc_column_container vc_col-sm-12\"><div class=\"vc_column-inner vc_custom_1580216270703\"><div class=\"wpb_wrapper\"><div class=\"vc_tta-container\" data-vc-action=\"collapse\"><div class=\"vc_general vc_tta vc_tta-tabs vc_tta-color-black vc_tta-style-flat vc_tta-shape-square vc_tta-o-shape-group vc_tta-o-no-fill vc_tta-tabs-position-top vc_tta-controls-align-center vc_custom_1578502068648\"><div class=\"vc_tta-tabs-container\"><ul class=\"vc_tta-tabs-list\"><li class=\"vc_tta-tab vc_active\" data-vc-tab><a href=\"#1578494299762-e285becd-6878\" data-vc-tabs data-vc-container=\".vc_tta\"><span class=\"vc_tta-title-text\">Tintos<\/span><\/a><\/li><li class=\"vc_tta-tab\" data-vc-tab><a href=\"#1578494299786-fe75fecb-9399\" data-vc-tabs data-vc-container=\".vc_tta\"><span class=\"vc_tta-title-text\">Brancos<\/span><\/a><\/li><\/ul><\/div><div class=\"vc_tta-panels-container\"><div class=\"vc_tta-panels\"><div class=\"vc_tta-panel vc_active\" id=\"1578494299762-e285becd-6878\" data-vc-content=\".vc_tta-panel-body\"><div class=\"vc_tta-panel-heading\"><h4 class=\"vc_tta-panel-title\"><a href=\"#1578494299762-e285becd-6878\" data-vc-accordion data-vc-container=\".vc_tta-container\"><span class=\"vc_tta-title-text\">Tintos<\/span><\/a><\/h4><\/div><div class=\"vc_tta-panel-body\"><div class=\"vc_row wpb_row vc_inner vc_row-fluid vc_row-o-equal-height vc_row-flex\"><div class=\"wpb_column vc_column_container vc_col-sm-6 vc_col-has-fill\"><div class=\"vc_column-inner vc_custom_1732708897962\"><div class=\"wpb_wrapper\">\n\t<div class=\"title-subtitle-box  vc_custom_1732708551320\" style=\" text-align: left;\">\n\t\t<h1 style=\" font-weight: normal;\" class=\"special-title\" >\n\t\t<span class=\"toptitle\" style=\"\">38\u00b0 25' 00.87``<\/span>Vinhas Tintas<\/h1>\n\t\t<span class=\"subtitle\" style=\" color:#ffffff; \">Esta vinha foi uma das primeiras a fornecer Syrah nos anos 2000 e, duas d\u00e9cadas depois, continua a ser uma das nossas melhores.<\/span>\n\t<\/div> <\/div><\/div><\/div><div class=\"wpb_column vc_column_container vc_col-sm-6 vc_col-has-fill\"><div class=\"vc_column-inner vc_custom_1729685172420\"><div class=\"wpb_wrapper\">\n\t<div class=\"gg-infobox  text-align-left\" >\n\t\t<div class=\"infobox-title\" >Solo<\/div>\n\t\t<span class=\"gg-horizontal-line\" ><\/span>\n\t\t<div class=\"infobox-description\" ><p>Gran\u00edtico<\/p>\n<\/div>\n\t<\/div> \n\t<div class=\"gg-infobox  text-align-left\" >\n\t\t<div class=\"infobox-title\" >Clima<\/div>\n\t\t<span class=\"gg-horizontal-line\" ><\/span>\n\t\t<div class=\"infobox-description\" ><p>Microclima da Serra de S\u00e3o Mamede.<\/p>\n<\/div>\n\t<\/div> \n\t<div class=\"gg-infobox  text-align-left vc_custom_1726760395959\" >\n\t\t<div class=\"infobox-title\" >Castas<\/div>\n\t\t<span class=\"gg-horizontal-line\" ><\/span>\n\t\t<div class=\"infobox-description\" ><p>Alicante Bouschet, Touriga Nacional e Syrah.<\/p>\n<\/div>\n\t<\/div> <\/div><\/div><\/div><\/div><div class=\"vc_empty_space\"   style=\"height: 40px\"><span class=\"vc_empty_space_inner\"><\/span><\/div><\/div><\/div><div class=\"vc_tta-panel\" id=\"1578494299786-fe75fecb-9399\" data-vc-content=\".vc_tta-panel-body\"><div class=\"vc_tta-panel-heading\"><h4 class=\"vc_tta-panel-title\"><a href=\"#1578494299786-fe75fecb-9399\" data-vc-accordion data-vc-container=\".vc_tta-container\"><span class=\"vc_tta-title-text\">Brancos<\/span><\/a><\/h4><\/div><div class=\"vc_tta-panel-body\"><div class=\"vc_row wpb_row vc_inner vc_row-fluid vc_row-o-equal-height vc_row-flex\"><div class=\"wpb_column vc_column_container vc_col-sm-6 vc_col-has-fill\"><div class=\"vc_column-inner vc_custom_1732709655991\"><div class=\"wpb_wrapper\">\n\t<div class=\"title-subtitle-box  vc_custom_1605721694950\" style=\" text-align: left;\">\n\t\t<h1 style=\" font-weight: normal;\" class=\"special-title\" >\n\t\t<span class=\"toptitle\" style=\"\">38\u00b0 28' 37.53``<\/span>Vinhas Brancas<\/h1>\n\t\t<span class=\"subtitle\" style=\" color:#ffffff; \">1.25 de castas brancas. A tipicidade do clima, os solos gran\u00edticos, definidores de um distinto \u201cterroir\u201d e a altitude, propiciam uma matura\u00e7\u00e3o das uvas equilibrada, originando vinhos frescos, arom\u00e1ticos e com taninos longos.<\/span>\n\t<\/div> <\/div><\/div><\/div><div class=\"wpb_column vc_column_container vc_col-sm-6 vc_col-has-fill\"><div class=\"vc_column-inner vc_custom_1729685193395\"><div class=\"wpb_wrapper\">\n\t<div class=\"gg-infobox  text-align-left\" >\n\t\t<div class=\"infobox-title\" >Solo<\/div>\n\t\t<span class=\"gg-horizontal-line\" ><\/span>\n\t\t<div class=\"infobox-description\" ><p>Gran\u00edtico<\/p>\n<\/div>\n\t<\/div> \n\t<div class=\"gg-infobox  text-align-left\" >\n\t\t<div class=\"infobox-title\" >Clima<\/div>\n\t\t<span class=\"gg-horizontal-line\" ><\/span>\n\t\t<div class=\"infobox-description\" ><p>Microclima da Serra de S\u00e3o Mamede.<\/p>\n<\/div>\n\t<\/div> \n\t<div class=\"gg-infobox  text-align-left vc_custom_1605721752739\" >\n\t\t<div class=\"infobox-title\" >Castas<\/div>\n\t\t<span class=\"gg-horizontal-line\" ><\/span>\n\t\t<div class=\"infobox-description\" ><p>Arinto, Alvarinho e Viognier.<\/p>\n<\/div>\n\t<\/div> <\/div><\/div><\/div><\/div><\/div><\/div><\/div><\/div><\/div><\/div><\/div><\/div><\/div><\/div><div class=\"vc_row wpb_row vc_row-fluid vc_custom_1578503073693\"><div class=\"wpb_column vc_column_container vc_col-sm-12\"><div class=\"vc_column-inner vc_custom_1580216323004\"><div class=\"wpb_wrapper\">\n\t<div class=\"title-subtitle-box  vc_custom_1731876612710\" style=\" text-align: center;\">\n\t\t<h1 style=\" color:#cd9e2a;  font-weight: normal;\" class=\"special-title\" >Produzido com Paix\u00e3o<\/h1>\n\t<\/div> \n\t<div class=\"\">\n\t<div class=\"gg-media-carousel use_pagination use_navigation\">\n\t\t<div class=\"swiper-container\" data-uid=\"swiper-1730449792\"  data-slidesperview =\"3\" data-slidespercolumn =\"1\" data-spacebetween =\"30\" data-initialslide =\"0\" data-direction =\"horizontal\" data-speed =\"300\" data-loop =\"true\" data-centeredslides =\"false\" data-effect =\"slide\" data-autoplay =\"\" data-paginationtype =\"bullets\"  >\n\t\t\t<div class=\"swiper-wrapper\"><div class=\"swiper-slide\"><img loading=\"lazy\" decoding=\"async\" width=\"1440\" height=\"2560\" src=\"https:\/\/montedojoaomartins.pt\/wp-content\/uploads\/2024\/10\/MonteJoaoMartins_\u00a9JoaoPacheco-015-scaled.jpg\" class=\"attachment-full\" alt=\"\" srcset=\"https:\/\/montedojoaomartins.pt\/wp-content\/uploads\/2024\/10\/MonteJoaoMartins_\u00a9JoaoPacheco-015-scaled.jpg 1440w, https:\/\/montedojoaomartins.pt\/wp-content\/uploads\/2024\/10\/MonteJoaoMartins_\u00a9JoaoPacheco-015-169x300.jpg 169w, https:\/\/montedojoaomartins.pt\/wp-content\/uploads\/2024\/10\/MonteJoaoMartins_\u00a9JoaoPacheco-015-576x1024.jpg 576w, https:\/\/montedojoaomartins.pt\/wp-content\/uploads\/2024\/10\/MonteJoaoMartins_\u00a9JoaoPacheco-015-768x1365.jpg 768w, https:\/\/montedojoaomartins.pt\/wp-content\/uploads\/2024\/10\/MonteJoaoMartins_\u00a9JoaoPacheco-015-864x1536.jpg 864w, https:\/\/montedojoaomartins.pt\/wp-content\/uploads\/2024\/10\/MonteJoaoMartins_\u00a9JoaoPacheco-015-1152x2048.jpg 1152w, https:\/\/montedojoaomartins.pt\/wp-content\/uploads\/2024\/10\/MonteJoaoMartins_\u00a9JoaoPacheco-015-7x12.jpg 7w\" sizes=\"auto, (max-width: 1440px) 100vw, 1440px\" \/><\/div><div class=\"swiper-slide\"><img loading=\"lazy\" decoding=\"async\" width=\"1440\" height=\"2560\" src=\"https:\/\/montedojoaomartins.pt\/wp-content\/uploads\/2024\/10\/MonteJoaoMartins_\u00a9JoaoPacheco-084-scaled.jpg\" class=\"attachment-full\" alt=\"\" srcset=\"https:\/\/montedojoaomartins.pt\/wp-content\/uploads\/2024\/10\/MonteJoaoMartins_\u00a9JoaoPacheco-084-scaled.jpg 1440w, https:\/\/montedojoaomartins.pt\/wp-content\/uploads\/2024\/10\/MonteJoaoMartins_\u00a9JoaoPacheco-084-169x300.jpg 169w, https:\/\/montedojoaomartins.pt\/wp-content\/uploads\/2024\/10\/MonteJoaoMartins_\u00a9JoaoPacheco-084-576x1024.jpg 576w, https:\/\/montedojoaomartins.pt\/wp-content\/uploads\/2024\/10\/MonteJoaoMartins_\u00a9JoaoPacheco-084-768x1365.jpg 768w, https:\/\/montedojoaomartins.pt\/wp-content\/uploads\/2024\/10\/MonteJoaoMartins_\u00a9JoaoPacheco-084-864x1536.jpg 864w, https:\/\/montedojoaomartins.pt\/wp-content\/uploads\/2024\/10\/MonteJoaoMartins_\u00a9JoaoPacheco-084-1152x2048.jpg 1152w, https:\/\/montedojoaomartins.pt\/wp-content\/uploads\/2024\/10\/MonteJoaoMartins_\u00a9JoaoPacheco-084-7x12.jpg 7w\" sizes=\"auto, (max-width: 1440px) 100vw, 1440px\" \/><\/div><div class=\"swiper-slide\"><img loading=\"lazy\" decoding=\"async\" width=\"1440\" height=\"2560\" src=\"https:\/\/montedojoaomartins.pt\/wp-content\/uploads\/2024\/10\/MonteJoaoMartins_\u00a9JoaoPacheco-081-scaled.jpg\" class=\"attachment-full\" alt=\"\" srcset=\"https:\/\/montedojoaomartins.pt\/wp-content\/uploads\/2024\/10\/MonteJoaoMartins_\u00a9JoaoPacheco-081-scaled.jpg 1440w, https:\/\/montedojoaomartins.pt\/wp-content\/uploads\/2024\/10\/MonteJoaoMartins_\u00a9JoaoPacheco-081-169x300.jpg 169w, https:\/\/montedojoaomartins.pt\/wp-content\/uploads\/2024\/10\/MonteJoaoMartins_\u00a9JoaoPacheco-081-576x1024.jpg 576w, https:\/\/montedojoaomartins.pt\/wp-content\/uploads\/2024\/10\/MonteJoaoMartins_\u00a9JoaoPacheco-081-768x1365.jpg 768w, https:\/\/montedojoaomartins.pt\/wp-content\/uploads\/2024\/10\/MonteJoaoMartins_\u00a9JoaoPacheco-081-864x1536.jpg 864w, https:\/\/montedojoaomartins.pt\/wp-content\/uploads\/2024\/10\/MonteJoaoMartins_\u00a9JoaoPacheco-081-1152x2048.jpg 1152w, https:\/\/montedojoaomartins.pt\/wp-content\/uploads\/2024\/10\/MonteJoaoMartins_\u00a9JoaoPacheco-081-7x12.jpg 7w\" sizes=\"auto, (max-width: 1440px) 100vw, 1440px\" \/><\/div><div class=\"swiper-slide\"><img loading=\"lazy\" decoding=\"async\" width=\"1440\" height=\"2560\" src=\"https:\/\/montedojoaomartins.pt\/wp-content\/uploads\/2024\/10\/MonteJoaoMartins_\u00a9JoaoPacheco-004-scaled.jpg\" class=\"attachment-full\" alt=\"\" srcset=\"https:\/\/montedojoaomartins.pt\/wp-content\/uploads\/2024\/10\/MonteJoaoMartins_\u00a9JoaoPacheco-004-scaled.jpg 1440w, https:\/\/montedojoaomartins.pt\/wp-content\/uploads\/2024\/10\/MonteJoaoMartins_\u00a9JoaoPacheco-004-169x300.jpg 169w, https:\/\/montedojoaomartins.pt\/wp-content\/uploads\/2024\/10\/MonteJoaoMartins_\u00a9JoaoPacheco-004-576x1024.jpg 576w, https:\/\/montedojoaomartins.pt\/wp-content\/uploads\/2024\/10\/MonteJoaoMartins_\u00a9JoaoPacheco-004-768x1365.jpg 768w, https:\/\/montedojoaomartins.pt\/wp-content\/uploads\/2024\/10\/MonteJoaoMartins_\u00a9JoaoPacheco-004-864x1536.jpg 864w, https:\/\/montedojoaomartins.pt\/wp-content\/uploads\/2024\/10\/MonteJoaoMartins_\u00a9JoaoPacheco-004-1152x2048.jpg 1152w, https:\/\/montedojoaomartins.pt\/wp-content\/uploads\/2024\/10\/MonteJoaoMartins_\u00a9JoaoPacheco-004-7x12.jpg 7w\" sizes=\"auto, (max-width: 1440px) 100vw, 1440px\" \/><\/div><div class=\"swiper-slide\"><img loading=\"lazy\" decoding=\"async\" width=\"1440\" height=\"2560\" src=\"https:\/\/montedojoaomartins.pt\/wp-content\/uploads\/2024\/10\/MonteJoaoMartins_\u00a9JoaoPacheco-006-scaled.jpg\" class=\"attachment-full\" alt=\"\" srcset=\"https:\/\/montedojoaomartins.pt\/wp-content\/uploads\/2024\/10\/MonteJoaoMartins_\u00a9JoaoPacheco-006-scaled.jpg 1440w, https:\/\/montedojoaomartins.pt\/wp-content\/uploads\/2024\/10\/MonteJoaoMartins_\u00a9JoaoPacheco-006-169x300.jpg 169w, https:\/\/montedojoaomartins.pt\/wp-content\/uploads\/2024\/10\/MonteJoaoMartins_\u00a9JoaoPacheco-006-576x1024.jpg 576w, https:\/\/montedojoaomartins.pt\/wp-content\/uploads\/2024\/10\/MonteJoaoMartins_\u00a9JoaoPacheco-006-768x1365.jpg 768w, https:\/\/montedojoaomartins.pt\/wp-content\/uploads\/2024\/10\/MonteJoaoMartins_\u00a9JoaoPacheco-006-864x1536.jpg 864w, https:\/\/montedojoaomartins.pt\/wp-content\/uploads\/2024\/10\/MonteJoaoMartins_\u00a9JoaoPacheco-006-1152x2048.jpg 1152w, https:\/\/montedojoaomartins.pt\/wp-content\/uploads\/2024\/10\/MonteJoaoMartins_\u00a9JoaoPacheco-006-7x12.jpg 7w\" sizes=\"auto, (max-width: 1440px) 100vw, 1440px\" \/><\/div><div class=\"swiper-slide\"><img loading=\"lazy\" decoding=\"async\" width=\"1440\" height=\"2560\" src=\"https:\/\/montedojoaomartins.pt\/wp-content\/uploads\/2024\/10\/MonteJoaoMartins_\u00a9JoaoPacheco-010-scaled.jpg\" class=\"attachment-full\" alt=\"\" srcset=\"https:\/\/montedojoaomartins.pt\/wp-content\/uploads\/2024\/10\/MonteJoaoMartins_\u00a9JoaoPacheco-010-scaled.jpg 1440w, https:\/\/montedojoaomartins.pt\/wp-content\/uploads\/2024\/10\/MonteJoaoMartins_\u00a9JoaoPacheco-010-169x300.jpg 169w, https:\/\/montedojoaomartins.pt\/wp-content\/uploads\/2024\/10\/MonteJoaoMartins_\u00a9JoaoPacheco-010-576x1024.jpg 576w, https:\/\/montedojoaomartins.pt\/wp-content\/uploads\/2024\/10\/MonteJoaoMartins_\u00a9JoaoPacheco-010-768x1365.jpg 768w, https:\/\/montedojoaomartins.pt\/wp-content\/uploads\/2024\/10\/MonteJoaoMartins_\u00a9JoaoPacheco-010-864x1536.jpg 864w, https:\/\/montedojoaomartins.pt\/wp-content\/uploads\/2024\/10\/MonteJoaoMartins_\u00a9JoaoPacheco-010-1152x2048.jpg 1152w, https:\/\/montedojoaomartins.pt\/wp-content\/uploads\/2024\/10\/MonteJoaoMartins_\u00a9JoaoPacheco-010-7x12.jpg 7w\" sizes=\"auto, (max-width: 1440px) 100vw, 1440px\" \/><\/div>\n\t\t\t<\/div>\n\t\t<\/div>\n\t\t<div id=\"pagination-swiper-1730449792\" class=\"swiper-pagination\"><\/div>\n\t\t<div class=\"media-button-container swiper-nav-container\">\n\t\t<div id=\"btn-next-swiper-1730449792\" class=\"swiper-nav-next\"><svg id=\"swiper-arrow-right\" viewbox=\"0 0 50 12\" width=\"100%\" height=\"100%\"><path fill-rule=\"evenodd\" d=\"M48.078 6.096H.008v.966h48.07l-4.254 4.255.683.683 5.541-5.538L44.507.924l-.683.683z\"><\/path><\/svg><\/div>\n\t\t<div id=\"btn-prev-swiper-1730449792\" class=\"swiper-nav-prev\"><svg id=\"swiper-arrow-left\" viewbox=\"0 0 50 12\" width=\"100%\" height=\"100%\"><path fill-rule=\"evenodd\" d=\"M1.922 5.904h48.07v-.966H1.922L6.176.683 5.493 0-.048 5.538l5.541 5.538.683-.683z\"><\/path><\/svg><\/div>\n\t\t<\/div>\n\t<\/div>\n\t<\/div><\/div><\/div><\/div><\/div>","protected":false},"excerpt":{"rendered":"Monte do Jo\u00e3o MartinsAs Vinhas Todos os nossos terrenos vin\u00edcolas possuem Certifica\u00e7\u00e3o de Sustentabilidade, e implement\u00e1mos um programa de biodiversidade para preservar e restaurar a vida selvagem na regi\u00e3o. Estamos comprometidos em cuidar da terra de forma respons\u00e1vel, respeitando a sua ess\u00eancia natural. TintosBrancosTintos 38\u00b0 25' 00.87``Vinhas Tintas Esta vinha foi uma das primeiras a<p class=\"more-link-wrapper\"><a class=\"btn btn-primary\" href=\"https:\/\/montedojoaomartins.pt\/en\/sobre\/vinhas\/\">Read More<\/a><\/p>","protected":false},"author":1,"featured_media":3981,"parent":2075,"menu_order":0,"comment_status":"closed","ping_status":"closed","template":"","meta":{"footnotes":""},"class_list":["post-2079","page","type-page","status-publish","has-post-thumbnail","hentry","has_thumb"],"_links":{"self":[{"href":"https:\/\/montedojoaomartins.pt\/en\/wp-json\/wp\/v2\/pages\/2079","targetHints":{"allow":["GET"]}}],"collection":[{"href":"https:\/\/montedojoaomartins.pt\/en\/wp-json\/wp\/v2\/pages"}],"about":[{"href":"https:\/\/montedojoaomartins.pt\/en\/wp-json\/wp\/v2\/types\/page"}],"author":[{"embeddable":true,"href":"https:\/\/montedojoaomartins.pt\/en\/wp-json\/wp\/v2\/users\/1"}],"replies":[{"embeddable":true,"href":"https:\/\/montedojoaomartins.pt\/en\/wp-json\/wp\/v2\/comments?post=2079"}],"version-history":[{"count":30,"href":"https:\/\/montedojoaomartins.pt\/en\/wp-json\/wp\/v2\/pages\/2079\/revisions"}],"predecessor-version":[{"id":4331,"href":"https:\/\/montedojoaomartins.pt\/en\/wp-json\/wp\/v2\/pages\/2079\/revisions\/4331"}],"up":[{"embeddable":true,"href":"https:\/\/montedojoaomartins.pt\/en\/wp-json\/wp\/v2\/pages\/2075"}],"wp:featuredmedia":[{"embeddable":true,"href":"https:\/\/montedojoaomartins.pt\/en\/wp-json\/wp\/v2\/media\/3981"}],"wp:attachment":[{"href":"https:\/\/montedojoaomartins.pt\/en\/wp-json\/wp\/v2\/media?parent=2079"}],"curies":[{"name":"wp","href":"https:\/\/api.w.org\/{rel}","templated":true}]}}