{"id":2075,"date":"2019-12-12T15:51:56","date_gmt":"2019-12-12T15:51:56","guid":{"rendered":"http:\/\/okthemes.com\/lucia-vineyards-demo\/?page_id=2075"},"modified":"2024-11-27T11:52:12","modified_gmt":"2024-11-27T11:52:12","slug":"sobre","status":"publish","type":"page","link":"https:\/\/montedojoaomartins.pt\/en\/sobre\/","title":{"rendered":"Quem Somos"},"content":{"rendered":"<div class=\"vc_row wpb_row vc_row-fluid vc_custom_1580811855427 vc_row-o-equal-height vc_row-o-content-middle vc_row-flex\"><div class=\"wpb_column vc_column_container vc_col-sm-6 vc_col-has-fill\"><div class=\"vc_column-inner vc_custom_1729684868106\"><div class=\"wpb_wrapper\">\n\t<div class=\"title-subtitle-box  vc_custom_1732708324554\" style=\" text-align: left;\">\n\t\t<h1 style=\" color:#ffffff;  font-weight: normal;\" class=\"special-title\" >Hist\u00f3ria<\/h1>\n\t\t<span class=\"subtitle\" style=\" color:#d6a330; \">Monte do Jo\u00e3o Martins<\/span>\n\t\t<span class=\"gg-horizontal-line\"><\/span>\n\t\t<div class=\"box-description\"><p><span style=\"color: #ffffff;\">O Monte do Jo\u00e3o Martins, situa-se na freguesia das Carreiras, entre Portalegre e Castelo de Vide. Foi adquirido pela familia Severo Mendes em 2004 onde desenvolve as actividades tradicionais da regi\u00e3o: floresta, ovelhas e vinha. Destas actividades destacamos a vinha com as castas tintas: Alicante Bouschet, Syrah e Touriga Nacional e com as castas brancas: Alvarinho, Arinto e Viognier, monitorizada e gerida com extremo cuidado. Construiu-se ent\u00e3o uma adega onde existe uma forte liga\u00e7\u00e3o entre os m\u00e9todos tradicionais de vinifica\u00e7\u00e3o na regi\u00e3o com a tecnologia necess\u00e1ria das melhores pr\u00e1ticas enol\u00f3gicas dispon\u00edveis. Sendo a mat\u00e9ria prima, a uva, tratada com o m\u00e1ximo respeito, originando um vinho reconhecido de elevada qualidade.<\/span><\/p>\n<\/div>\n\t<\/div> <\/div><\/div><\/div><div class=\"reveal-effect masker wow wpb_column vc_column_container vc_col-sm-6 vc_col-has-fill\"><div class=\"vc_column-inner vc_custom_1730739207785\"><div class=\"wpb_wrapper\"><div class=\"vc_empty_space\"   style=\"height: 300px\"><span class=\"vc_empty_space_inner\"><\/span><\/div><\/div><\/div><\/div><\/div><div class=\"vc_row wpb_row vc_row-fluid vc_custom_1580811860099 vc_row-o-equal-height vc_row-o-content-middle vc_row-flex\"><div class=\"reveal-effect masker wow wpb_column vc_column_container vc_col-sm-6 vc_col-has-fill\"><div class=\"vc_column-inner vc_custom_1598268033305\"><div class=\"wpb_wrapper\"><div class=\"vc_empty_space\"   style=\"height: 300px\"><span class=\"vc_empty_space_inner\"><\/span><\/div><\/div><\/div><\/div><div class=\"wpb_column vc_column_container vc_col-sm-3 vc_col-has-fill\"><div class=\"vc_column-inner vc_custom_1729684894076\"><div class=\"wpb_wrapper\">\n\t<div class=\"title-subtitle-box\" style=\" text-align: left;\">\n\t\t<div class=\"box-description\"><p><span style=\"color: #ffffff;\">Jo\u00e3o Martins, lavrador nascido por volta de 1481 e residente nos &#8220;Montes do Carreiro&#8221; (atualmente a freguesia das Carreiras, no concelho de Portalegre), desempenhou um papel relevante na hist\u00f3ria local. Em 1511, foi nomeado por D. Manuel I como &#8220;besteiro do monte&#8221;, cargo que o tornava respons\u00e1vel pela seguran\u00e7a da popula\u00e7\u00e3o residente no meio rural. A herdade que hoje leva o seu nome preserva a mem\u00f3ria desta figura hist\u00f3rica e da sua liga\u00e7\u00e3o \u00e0 prote\u00e7\u00e3o e gest\u00e3o da comunidade na regi\u00e3o.<\/span><\/p>\n<\/div>\n\t<\/div> <\/div><\/div><\/div><div class=\"reveal-effect masker wow wpb_column vc_column_container vc_col-sm-3 vc_col-has-fill\"><div class=\"vc_column-inner vc_custom_1732536232265\"><div class=\"wpb_wrapper\"><div class=\"vc_empty_space\"   style=\"height: 200px\"><span class=\"vc_empty_space_inner\"><\/span><\/div><\/div><\/div><\/div><\/div><div class=\"vc_row wpb_row vc_row-fluid\"><div class=\"wpb_column vc_column_container vc_col-sm-2\"><div class=\"vc_column-inner\"><div class=\"wpb_wrapper\"><\/div><\/div><\/div><div class=\"wpb_column vc_column_container vc_col-sm-8\"><div class=\"vc_column-inner\"><div class=\"wpb_wrapper\">\n\t<blockquote style=\"color: #4f5da1;\" class=\"gg-vc-quote   font_size_large text-align-center vc_custom_1731876288340\">\n\tA par desse passado long\u00ednquo, falar do Monte do Jo\u00e3o Martins no presente, implica falar dos testemunhos da presen\u00e7a do homem nos nossos dias.\n\t<cite>Fernando Mendes<\/cite>\n\t<\/blockquote><\/div><\/div><\/div><div class=\"wpb_column vc_column_container vc_col-sm-2\"><div class=\"vc_column-inner\"><div class=\"wpb_wrapper\"><\/div><\/div><\/div><\/div><div class=\"vc_row wpb_row vc_row-fluid\"><div class=\"wpb_column vc_column_container vc_col-sm-12\"><div class=\"vc_column-inner\"><div class=\"wpb_wrapper\">\n\t<div class=\"\">\n\t<div class=\"gg-media-carousel use_pagination use_navigation\">\n\t\t<div class=\"swiper-container\" data-uid=\"swiper-1765385207\"  data-slidesperview =\"1\" data-slidespercolumn =\"1\" data-spacebetween =\"0\" data-initialslide =\"0\" data-direction =\"horizontal\" data-speed =\"300\" data-loop =\"true\" data-centeredslides =\"false\" data-effect =\"slide\" data-autoplay =\"\" data-paginationtype =\"bullets\"  >\n\t\t\t<div class=\"swiper-wrapper\"><div class=\"swiper-slide\"><img loading=\"lazy\" decoding=\"async\" width=\"2560\" height=\"1440\" src=\"https:\/\/montedojoaomartins.pt\/wp-content\/uploads\/2024\/08\/MonteJoaoMartins_\u00a9JoaoPacheco-311-scaled.jpg\" class=\"attachment-full\" alt=\"\" srcset=\"https:\/\/montedojoaomartins.pt\/wp-content\/uploads\/2024\/08\/MonteJoaoMartins_\u00a9JoaoPacheco-311-scaled.jpg 2560w, https:\/\/montedojoaomartins.pt\/wp-content\/uploads\/2024\/08\/MonteJoaoMartins_\u00a9JoaoPacheco-311-300x169.jpg 300w, https:\/\/montedojoaomartins.pt\/wp-content\/uploads\/2024\/08\/MonteJoaoMartins_\u00a9JoaoPacheco-311-1024x576.jpg 1024w, https:\/\/montedojoaomartins.pt\/wp-content\/uploads\/2024\/08\/MonteJoaoMartins_\u00a9JoaoPacheco-311-768x432.jpg 768w, https:\/\/montedojoaomartins.pt\/wp-content\/uploads\/2024\/08\/MonteJoaoMartins_\u00a9JoaoPacheco-311-1536x864.jpg 1536w, https:\/\/montedojoaomartins.pt\/wp-content\/uploads\/2024\/08\/MonteJoaoMartins_\u00a9JoaoPacheco-311-2048x1152.jpg 2048w, https:\/\/montedojoaomartins.pt\/wp-content\/uploads\/2024\/08\/MonteJoaoMartins_\u00a9JoaoPacheco-311-18x10.jpg 18w\" sizes=\"auto, (max-width: 2560px) 100vw, 2560px\" \/><\/div><div class=\"swiper-slide\"><img loading=\"lazy\" decoding=\"async\" width=\"2560\" height=\"1440\" src=\"https:\/\/montedojoaomartins.pt\/wp-content\/uploads\/2024\/08\/MonteJoaoMartins_\u00a9JoaoPacheco-294-scaled.jpg\" class=\"attachment-full\" alt=\"\" srcset=\"https:\/\/montedojoaomartins.pt\/wp-content\/uploads\/2024\/08\/MonteJoaoMartins_\u00a9JoaoPacheco-294-scaled.jpg 2560w, https:\/\/montedojoaomartins.pt\/wp-content\/uploads\/2024\/08\/MonteJoaoMartins_\u00a9JoaoPacheco-294-300x169.jpg 300w, https:\/\/montedojoaomartins.pt\/wp-content\/uploads\/2024\/08\/MonteJoaoMartins_\u00a9JoaoPacheco-294-1024x576.jpg 1024w, https:\/\/montedojoaomartins.pt\/wp-content\/uploads\/2024\/08\/MonteJoaoMartins_\u00a9JoaoPacheco-294-768x432.jpg 768w, https:\/\/montedojoaomartins.pt\/wp-content\/uploads\/2024\/08\/MonteJoaoMartins_\u00a9JoaoPacheco-294-1536x864.jpg 1536w, https:\/\/montedojoaomartins.pt\/wp-content\/uploads\/2024\/08\/MonteJoaoMartins_\u00a9JoaoPacheco-294-2048x1152.jpg 2048w, https:\/\/montedojoaomartins.pt\/wp-content\/uploads\/2024\/08\/MonteJoaoMartins_\u00a9JoaoPacheco-294-18x10.jpg 18w\" sizes=\"auto, (max-width: 2560px) 100vw, 2560px\" \/><\/div><div class=\"swiper-slide\"><img loading=\"lazy\" decoding=\"async\" width=\"2560\" height=\"1440\" src=\"https:\/\/montedojoaomartins.pt\/wp-content\/uploads\/2024\/08\/MonteJoaoMartins_\u00a9JoaoPacheco-299-scaled.jpg\" class=\"attachment-full\" alt=\"\" srcset=\"https:\/\/montedojoaomartins.pt\/wp-content\/uploads\/2024\/08\/MonteJoaoMartins_\u00a9JoaoPacheco-299-scaled.jpg 2560w, https:\/\/montedojoaomartins.pt\/wp-content\/uploads\/2024\/08\/MonteJoaoMartins_\u00a9JoaoPacheco-299-300x169.jpg 300w, https:\/\/montedojoaomartins.pt\/wp-content\/uploads\/2024\/08\/MonteJoaoMartins_\u00a9JoaoPacheco-299-1024x576.jpg 1024w, https:\/\/montedojoaomartins.pt\/wp-content\/uploads\/2024\/08\/MonteJoaoMartins_\u00a9JoaoPacheco-299-768x432.jpg 768w, https:\/\/montedojoaomartins.pt\/wp-content\/uploads\/2024\/08\/MonteJoaoMartins_\u00a9JoaoPacheco-299-1536x864.jpg 1536w, https:\/\/montedojoaomartins.pt\/wp-content\/uploads\/2024\/08\/MonteJoaoMartins_\u00a9JoaoPacheco-299-2048x1152.jpg 2048w, https:\/\/montedojoaomartins.pt\/wp-content\/uploads\/2024\/08\/MonteJoaoMartins_\u00a9JoaoPacheco-299-18x10.jpg 18w\" sizes=\"auto, (max-width: 2560px) 100vw, 2560px\" \/><\/div>\n\t\t\t<\/div>\n\t\t<\/div>\n\t\t<div id=\"pagination-swiper-1765385207\" class=\"swiper-pagination\"><\/div>\n\t\t<div class=\"media-button-container swiper-nav-container\">\n\t\t<div id=\"btn-next-swiper-1765385207\" class=\"swiper-nav-next\"><svg id=\"swiper-arrow-right\" viewbox=\"0 0 50 12\" width=\"100%\" height=\"100%\"><path fill-rule=\"evenodd\" d=\"M48.078 6.096H.008v.966h48.07l-4.254 4.255.683.683 5.541-5.538L44.507.924l-.683.683z\"><\/path><\/svg><\/div>\n\t\t<div id=\"btn-prev-swiper-1765385207\" class=\"swiper-nav-prev\"><svg id=\"swiper-arrow-left\" viewbox=\"0 0 50 12\" width=\"100%\" height=\"100%\"><path fill-rule=\"evenodd\" d=\"M1.922 5.904h48.07v-.966H1.922L6.176.683 5.493 0-.048 5.538l5.541 5.538.683-.683z\"><\/path><\/svg><\/div>\n\t\t<\/div>\n\t<\/div>\n\t<\/div><\/div><\/div><\/div><\/div><div id=\"our-values\" class=\"vc_row wpb_row vc_row-fluid\"><div class=\"wpb_column vc_column_container vc_col-sm-12\"><div class=\"vc_column-inner\"><div class=\"wpb_wrapper\">\n\t<div class=\"values-grid-wrapper  vc_custom_1654013523792 columns-2 wow\">\n\t<div class=\"values-grid-bg\"><\/div>\n\t<div class=\"values-grid-content\">\n\t<div class=\"col-1\"><h3>Os Nossos Valores<\/h3>\n\t\t<div class=\"subtitle\"><p>As qualidades no centro do nosso sucesso &#8211; passado, presente, e, acreditamos, futuro.<\/p>\n<\/div>\n\t<\/div>\n\t<div class=\"col-2\"><div class=\"gg-special-button-wrapper  special-button-align-right special-button-style-btn-primary\"><a class=\"btn btn-primary\" href=\"http:\/\/montedojoaomartins.pt\/en\/sobre\/enologo-equipa\/\" title=\"En\u00f3logo &amp; Equipa\" target=\"_self\">En\u00f3logo &amp; Equipa<\/a><\/div>\n\t<\/div>\n\t<div class=\"values-grid-area\"><ul class=\"values-grid\"><li data-bg=\"https:\/\/montedojoaomartins.pt\/wp-content\/uploads\/2020\/02\/demo-pic-wide-1600x857-bw.jpg\"><h4>Tradi\u00e7\u00e3o<\/h4><\/li><li data-bg=\"https:\/\/montedojoaomartins.pt\/wp-content\/uploads\/2020\/02\/demo-pic-wide-1600x857-bw.jpg\"><h4>Autenticidade<\/h4><\/li><li data-bg=\"https:\/\/montedojoaomartins.pt\/wp-content\/uploads\/2020\/02\/demo-pic-wide-1600x857-bw.jpg\"><h4>Tempo<\/h4><\/li><li data-bg=\"https:\/\/montedojoaomartins.pt\/wp-content\/uploads\/2020\/02\/demo-pic-wide-1600x857-bw.jpg\"><h4>Sabor<\/h4><\/li><\/ul>\n\t<\/div>\n\t<\/div>\n\t<\/div><\/div><\/div><\/div><\/div>","protected":false},"excerpt":{"rendered":"Hist\u00f3ria Monte do Jo\u00e3o Martins O Monte do Jo\u00e3o Martins, situa-se na freguesia das Carreiras, entre Portalegre e Castelo de Vide. Foi adquirido pela familia Severo Mendes em 2004 onde desenvolve as actividades tradicionais da regi\u00e3o: floresta, ovelhas e vinha. Destas actividades destacamos a vinha com as castas tintas: Alicante Bouschet, Syrah e Touriga Nacional<p class=\"more-link-wrapper\"><a class=\"btn btn-primary\" href=\"https:\/\/montedojoaomartins.pt\/en\/sobre\/\">Read More<\/a><\/p>","protected":false},"author":1,"featured_media":3856,"parent":0,"menu_order":0,"comment_status":"closed","ping_status":"closed","template":"","meta":{"footnotes":""},"class_list":["post-2075","page","type-page","status-publish","has-post-thumbnail","hentry","has_thumb"],"_links":{"self":[{"href":"https:\/\/montedojoaomartins.pt\/en\/wp-json\/wp\/v2\/pages\/2075","targetHints":{"allow":["GET"]}}],"collection":[{"href":"https:\/\/montedojoaomartins.pt\/en\/wp-json\/wp\/v2\/pages"}],"about":[{"href":"https:\/\/montedojoaomartins.pt\/en\/wp-json\/wp\/v2\/types\/page"}],"author":[{"embeddable":true,"href":"https:\/\/montedojoaomartins.pt\/en\/wp-json\/wp\/v2\/users\/1"}],"replies":[{"embeddable":true,"href":"https:\/\/montedojoaomartins.pt\/en\/wp-json\/wp\/v2\/comments?post=2075"}],"version-history":[{"count":24,"href":"https:\/\/montedojoaomartins.pt\/en\/wp-json\/wp\/v2\/pages\/2075\/revisions"}],"predecessor-version":[{"id":4318,"href":"https:\/\/montedojoaomartins.pt\/en\/wp-json\/wp\/v2\/pages\/2075\/revisions\/4318"}],"wp:featuredmedia":[{"embeddable":true,"href":"https:\/\/montedojoaomartins.pt\/en\/wp-json\/wp\/v2\/media\/3856"}],"wp:attachment":[{"href":"https:\/\/montedojoaomartins.pt\/en\/wp-json\/wp\/v2\/media?parent=2075"}],"curies":[{"name":"wp","href":"https:\/\/api.w.org\/{rel}","templated":true}]}}