{"id":2065,"date":"2019-12-12T15:50:07","date_gmt":"2019-12-12T15:50:07","guid":{"rendered":"http:\/\/okthemes.com\/lucia-vineyards-demo\/?page_id=2065"},"modified":"2024-11-04T16:29:04","modified_gmt":"2024-11-04T16:29:04","slug":"contactos","status":"publish","type":"page","link":"https:\/\/montedojoaomartins.pt\/en\/contactos\/","title":{"rendered":"Contactos"},"content":{"rendered":"<div class=\"vc_row wpb_row vc_row-fluid\"><div class=\"wpb_column vc_column_container vc_col-sm-12\"><div class=\"vc_column-inner\"><div class=\"wpb_wrapper\">\n\t<div class=\"gg-special-button-wrapper  special-button-align-center special-button-style-btn-primary\"><a class=\"btn btn-primary\" href=\"https:\/\/goo.gl\/maps\/y8Rjbu5Z9ZUrgbdi9\" title=\"Veja a localiza\u00e7\u00e3o no Google Maps\" target=\" _blank\">Veja a localiza\u00e7\u00e3o no Google Maps<\/a><\/div><\/div><\/div><\/div><\/div><div class=\"vc_row wpb_row vc_row-fluid vc_row-o-equal-height vc_row-o-content-middle vc_row-flex\"><div class=\"wpb_column vc_column_container vc_col-sm-6 vc_col-has-fill\"><div class=\"vc_column-inner vc_custom_1602103393230\"><div class=\"wpb_wrapper\">\n\t<div class=\"title-subtitle-box  vc_custom_1729611363724\" style=\" text-align: left;\">\n\t\t<h1 style=\" color:#cd9e2a;  font-weight: normal;\" class=\"special-title\" >Como chegar at\u00e9 n\u00f3s.<\/h1>\n\t<\/div> \n\t<div class=\"gg-infobox  text-align-left\" >\n\t\t<div class=\"infobox-title\" style=\"color: #cd9e2a;\">Morada<\/div>\n\t\t<span class=\"gg-horizontal-line\" style=\"background-color: #cd9e2a;\"><\/span>\n\t\t<div class=\"infobox-description\" style=\"color: #ffffff;\"><p><span style=\"color: #ffffff;\"><strong>Adega &#8211; Monte do Jo\u00e3o Martins<\/strong><\/span><br \/>\n<span style=\"color: #ffffff;\"><strong>EN 246 (Portalegre &#8211; Castelo de Vide) km 18.2<\/strong><\/span><br \/>\n<span style=\"color: #ffffff;\"><strong>GPS: Longitude 7\u00ba 28&#8242; 43&#8221; W; Latitude 39\u00ba 23&#8242; 05&#8221; N<\/strong><\/span><\/p>\n<\/div>\n\t<\/div> \n\t<div class=\"gg-infobox  text-align-left\" >\n\t\t<div class=\"infobox-title\" style=\"color: #cd9e2a;\">Telem\u00f3vel<\/div>\n\t\t<span class=\"gg-horizontal-line\" style=\"background-color: #cd9e2a;\"><\/span>\n\t\t<div class=\"infobox-description\" ><p><span style=\"color: #ffffff;\"><strong>(+351) 933 551 179<\/strong><\/span><\/p>\n<\/div>\n\t<\/div> \n\t<div class=\"gg-infobox  text-align-left vc_custom_1729611335843\" >\n\t\t<div class=\"infobox-title\" style=\"color: #cd9e2a;\">Email<\/div>\n\t\t<span class=\"gg-horizontal-line\" style=\"background-color: #cd9e2a;\"><\/span>\n\t\t<div class=\"infobox-description\" ><p><strong><a class=\"link_vermelho\" href=\"mailto:montedojoaomartins@miraldino.pt\">montedojoaomartins@miraldino.pt<\/a><\/strong><\/p>\n<\/div>\n\t<\/div> <\/div><\/div><\/div><div class=\"wpb_column vc_column_container vc_col-sm-6 vc_col-has-fill\"><div class=\"vc_column-inner vc_custom_1730737711286\"><div class=\"wpb_wrapper\">\n\t<div class=\"title-subtitle-box  vc_custom_1729611258344\" style=\" text-align: left;\">\n\t\t<h1 style=\" color:#4f5da1;  font-weight: normal;\" class=\"special-title\" >Sala de Provas<\/h1>\n\t<\/div> \n\t<div class=\"gg-infobox  text-align-left\" >\n\t\t<div class=\"infobox-title\" style=\"color: #4f5da1;\">Hor\u00e1rio<\/div>\n\t\t<span class=\"gg-horizontal-line\" style=\"background-color: #4f5da1;\"><\/span>\n\t\t<div class=\"infobox-description\" style=\"color: #ffffff;\"><p>Por marca\u00e7\u00e3o: 14:00 &#8211; 18:00<\/p>\n<\/div>\n\t<\/div> \n\t<div class=\"gg-infobox  text-align-left\" >\n\t\t<div class=\"infobox-title\" style=\"color: #4f5da1;\">Telem\u00f3vel<\/div>\n\t\t<span class=\"gg-horizontal-line\" style=\"background-color: #4f5da1;\"><\/span>\n\t\t<div class=\"infobox-description\" style=\"color: #ffffff;\"><p>(+351) 933 551 179<\/p>\n<\/div>\n\t<\/div> \n\t<div class=\"gg-infobox  text-align-left vc_custom_1729611241080\" >\n\t\t<div class=\"infobox-title\" style=\"color: #4f5da1;\">Email<\/div>\n\t\t<span class=\"gg-horizontal-line\" style=\"background-color: #4f5da1;\"><\/span>\n\t\t<div class=\"infobox-description\" style=\"color: #ffffff;\"><p><a class=\"link_vermelho\" href=\"mailto:montedojoaomartins@miraldino.pt\">montedojoaomartins@miraldino.pt<\/a><\/p>\n<\/div>\n\t<\/div> <\/div><\/div><\/div><\/div><div class=\"vc_row wpb_row vc_row-fluid vc_row-o-equal-height vc_row-flex\"><div class=\"wpb_column vc_column_container vc_col-sm-12 vc_col-lg-2\"><div class=\"vc_column-inner\"><div class=\"wpb_wrapper\"><\/div><\/div><\/div><div class=\"wpb_column vc_column_container vc_col-sm-12 vc_col-lg-8 vc_col-has-fill\"><div class=\"vc_column-inner vc_custom_1729611378850\"><div class=\"wpb_wrapper\">\n\t<div class=\"title-subtitle-box\" style=\" text-align: left;\">\n\t\t<h3 style=\" font-weight: normal;\" class=\"special-title\" >Envia a sua mensagem<\/h3>\n\t<\/div> \n<div class=\"wpcf7 no-js\" id=\"wpcf7-f3119-o1\" lang=\"en-US\" dir=\"ltr\" data-wpcf7-id=\"3119\">\n<div class=\"screen-reader-response\"><p role=\"status\" aria-live=\"polite\" aria-atomic=\"true\"><\/p> <ul><\/ul><\/div>\n<form action=\"\/wp-json\/wp\/v2\/pages\/2065\" method=\"post\" class=\"wpcf7-form init\" aria-label=\"Contact form\" novalidate=\"novalidate\" data-status=\"init\" data-trp-original-action=\"\/en\/wp-json\/wp\/v2\/pages\/2065#wpcf7-f3119-o1\">\n<div style=\"display: none;\">\n<input type=\"hidden\" name=\"_wpcf7\" value=\"3119\" \/>\n<input type=\"hidden\" name=\"_wpcf7_version\" value=\"6.0\" \/>\n<input type=\"hidden\" name=\"_wpcf7_locale\" value=\"en_US\" \/>\n<input type=\"hidden\" name=\"_wpcf7_unit_tag\" value=\"wpcf7-f3119-o1\" \/>\n<input type=\"hidden\" name=\"_wpcf7_container_post\" value=\"0\" \/>\n<input type=\"hidden\" name=\"_wpcf7_posted_data_hash\" value=\"\" \/>\n<\/div>\n<p><label> Nome (*)<br \/>\n<span class=\"wpcf7-form-control-wrap\" data-name=\"your-name\"><input size=\"40\" maxlength=\"400\" class=\"wpcf7-form-control wpcf7-text wpcf7-validates-as-required\" aria-required=\"true\" aria-invalid=\"false\" value=\"\" type=\"text\" name=\"your-name\" \/><\/span> <\/label>\n<\/p>\n<p><label> Email (*)<br \/>\n<span class=\"wpcf7-form-control-wrap\" data-name=\"your-email\"><input size=\"40\" maxlength=\"400\" class=\"wpcf7-form-control wpcf7-email wpcf7-validates-as-required wpcf7-text wpcf7-validates-as-email\" aria-required=\"true\" aria-invalid=\"false\" value=\"\" type=\"email\" name=\"your-email\" \/><\/span> <\/label>\n<\/p>\n<p><label> Assunto<br \/>\n<span class=\"wpcf7-form-control-wrap\" data-name=\"your-subject\"><input size=\"40\" maxlength=\"400\" class=\"wpcf7-form-control wpcf7-text\" aria-invalid=\"false\" value=\"\" type=\"text\" name=\"your-subject\" \/><\/span> <\/label>\n<\/p>\n<p><label> Mensagem<br \/>\n<span class=\"wpcf7-form-control-wrap\" data-name=\"your-message\"><textarea cols=\"40\" rows=\"10\" maxlength=\"2000\" class=\"wpcf7-form-control wpcf7-textarea\" aria-invalid=\"false\" name=\"your-message\"><\/textarea><\/span> <\/label>\n<\/p>\n<p><span class=\"wpcf7-form-control-wrap\" data-name=\"checkbox-577\"><span class=\"wpcf7-form-control wpcf7-checkbox wpcf7-validates-as-required\"><span class=\"wpcf7-list-item first last\"><input type=\"checkbox\" name=\"checkbox-577[]\" value=\"Marque aqui para indicar que leu e concorda com os termos da pol\u00edtica de privacidade\" \/><span class=\"wpcf7-list-item-label\">Marque aqui para indicar que leu e concorda com os termos da pol\u00edtica de privacidade<\/span><\/span><\/span><\/span>\n<\/p>\n<p><input class=\"wpcf7-form-control wpcf7-submit has-spinner\" type=\"submit\" value=\"Enviar\" \/>\n<\/p><div class=\"wpcf7-response-output\" aria-hidden=\"true\"><\/div>\n<input type=\"hidden\" name=\"trp-form-language\" value=\"en\"\/><\/form>\n<\/div>\n<\/div><\/div><\/div><div class=\"wpb_column vc_column_container vc_col-sm-12 vc_col-lg-2\"><div class=\"vc_column-inner\"><div class=\"wpb_wrapper\"><\/div><\/div><\/div><\/div>","protected":false},"excerpt":{"rendered":"Veja a localiza\u00e7\u00e3o no Google Maps Como chegar at\u00e9 n\u00f3s. Morada Adega - Monte do Jo\u00e3o Martins EN 246 (Portalegre - Castelo de Vide) km 18.2 GPS: Longitude 7\u00ba 28' 43'' W; Latitude 39\u00ba 23' 05'' N Telem\u00f3vel (+351) 933 551 179 Email montedojoaomartins@miraldino.pt Sala de Provas Hor\u00e1rio Por marca\u00e7\u00e3o: 14:00 - 18:00 Telem\u00f3vel (+351)<p class=\"more-link-wrapper\"><a class=\"btn btn-primary\" href=\"https:\/\/montedojoaomartins.pt\/en\/contactos\/\">Read More<\/a><\/p>","protected":false},"author":1,"featured_media":4230,"parent":0,"menu_order":0,"comment_status":"closed","ping_status":"closed","template":"","meta":{"footnotes":""},"class_list":["post-2065","page","type-page","status-publish","has-post-thumbnail","hentry","has_thumb"],"_links":{"self":[{"href":"https:\/\/montedojoaomartins.pt\/en\/wp-json\/wp\/v2\/pages\/2065","targetHints":{"allow":["GET"]}}],"collection":[{"href":"https:\/\/montedojoaomartins.pt\/en\/wp-json\/wp\/v2\/pages"}],"about":[{"href":"https:\/\/montedojoaomartins.pt\/en\/wp-json\/wp\/v2\/types\/page"}],"author":[{"embeddable":true,"href":"https:\/\/montedojoaomartins.pt\/en\/wp-json\/wp\/v2\/users\/1"}],"replies":[{"embeddable":true,"href":"https:\/\/montedojoaomartins.pt\/en\/wp-json\/wp\/v2\/comments?post=2065"}],"version-history":[{"count":8,"href":"https:\/\/montedojoaomartins.pt\/en\/wp-json\/wp\/v2\/pages\/2065\/revisions"}],"predecessor-version":[{"id":4256,"href":"https:\/\/montedojoaomartins.pt\/en\/wp-json\/wp\/v2\/pages\/2065\/revisions\/4256"}],"wp:featuredmedia":[{"embeddable":true,"href":"https:\/\/montedojoaomartins.pt\/en\/wp-json\/wp\/v2\/media\/4230"}],"wp:attachment":[{"href":"https:\/\/montedojoaomartins.pt\/en\/wp-json\/wp\/v2\/media?parent=2065"}],"curies":[{"name":"wp","href":"https:\/\/api.w.org\/{rel}","templated":true}]}}