{"id":1818,"date":"2019-11-11T09:43:44","date_gmt":"2019-11-11T09:43:44","guid":{"rendered":"http:\/\/okthemes.com\/lucia-vineyards-demo\/?page_id=1818"},"modified":"2025-05-13T13:13:58","modified_gmt":"2025-05-13T13:13:58","slug":"home","status":"publish","type":"page","link":"https:\/\/montedojoaomartins.pt\/en\/","title":{"rendered":"In\u00edcio"},"content":{"rendered":"<div class=\"vc_row wpb_row vc_row-fluid vc_row-o-equal-height vc_row-o-content-middle vc_row-flex\"><div class=\"wpb_column vc_column_container vc_col-sm-6 vc_col-has-fill\"><div class=\"vc_column-inner vc_custom_1729604490813\"><div class=\"wpb_wrapper\">\n\t<div class=\"title-subtitle-box\" style=\" text-align: left;\">\n\t\t<h1 style=\" color:#cd9e2a;  font-weight: normal;\" class=\"special-title\" >Bem-vindos<\/h1>\n\t\t<span class=\"subtitle\" style=\" color:#ffffff; \">Apresentamos vinhos premiados, produzidos na herdade de uma adega familiar.<\/span>\n\t\t<span class=\"gg-horizontal-line\"><\/span>\n\t\t<div class=\"box-description\"><p><span style=\"color: #ffffff;\">O Monte do Jo\u00e3o Martins situa-se no Norte Alentejano, freguesia de Carreiras, entre Portalegre e Castelo de Vide e junto ao maci\u00e7o da Serra de S\u00e3o Mamede, ponto mais alto de Portugal a sul do rio Tejo.<\/span><\/p>\n<\/div><div class=\"gg-special-button-wrapper  special-button-align-left special-button-style-btn-primary\"><a class=\"btn btn-primary\" href=\"http:\/\/montedojoaomartins.pt\/en\/sobre\/\" title=\"Quem Somos\" target=\"_self\">Quem Somos<\/a><\/div>\n\t<\/div> <\/div><\/div><\/div><div class=\"reveal-effect masker wow wpb_column vc_column_container vc_col-sm-6 vc_col-has-fill\"><div class=\"vc_column-inner vc_custom_1722875085283\"><div class=\"wpb_wrapper\"><div class=\"vc_empty_space\"   style=\"height: 500px\"><span class=\"vc_empty_space_inner\"><\/span><\/div><\/div><\/div><\/div><\/div><div class=\"vc_row wpb_row vc_row-fluid vc_custom_1579617851547\"><div class=\"wpb_column vc_column_container vc_col-sm-12\"><div class=\"vc_column-inner\"><div class=\"wpb_wrapper\">\n\t<blockquote style=\"color: #4f5da1;\" class=\"gg-vc-quote  remove_blockquotes font_size_large text-align-center vc_custom_1731876094402\">\n\tCriados para aqueles que gostam das coisas boas da vida, os nossos vinhos s\u00e3o elogiados pela sua profundidade, intensidade e capacidade de envelhecer graciosamente.\n\t<\/blockquote><\/div><\/div><\/div><\/div><div class=\"vc_row wpb_row vc_row-fluid vc_custom_1580288655077 vc_column-gap-15 vc_row-o-equal-height vc_row-o-content-middle vc_row-flex\"><div class=\"reveal-effect masker wow wpb_column vc_column_container vc_col-sm-6 vc_col-has-fill\"><div class=\"vc_column-inner vc_custom_1722875349739\"><div class=\"wpb_wrapper\"><div class=\"vc_empty_space\"   style=\"height: 500px\"><span class=\"vc_empty_space_inner\"><\/span><\/div><\/div><\/div><\/div><div class=\"wpb_column vc_column_container vc_col-sm-6 vc_col-has-fill\"><div class=\"vc_column-inner vc_custom_1599576460899\"><div class=\"wpb_wrapper\">\n\t<div class=\"title-subtitle-box\" style=\" text-align: left;\">\n\t\t<h1 style=\" color:#ffffff;  font-weight: normal;\" class=\"special-title\" >\n\t\t<span class=\"toptitle\" style=\" color:#ffffff; \">A CRIA\u00c7\u00c3O DE VINHOS QUE<\/span>Contam hist\u00f3rias<\/h1>\n\t\t<span class=\"subtitle\" style=\" color:#ffffff; \">As nossas ra\u00edzes correm nas veias desta regi\u00e3o. Com mais de 100 anos de agricultura familiar, o nome Miraldino tornou-se mais do que uma simples adega; \u00e9 uma cultura.<\/span>\n\t<\/div> <\/div><\/div><\/div><\/div><div class=\"vc_row wpb_row vc_row-fluid\"><div class=\"wpb_column vc_column_container vc_col-sm-12\"><div class=\"vc_column-inner\"><div class=\"wpb_wrapper\"><div class=\"vc_row wpb_row vc_inner vc_row-fluid\"><div class=\"wpb_column vc_column_container vc_col-sm-3\"><div class=\"vc_column-inner\"><div class=\"wpb_wrapper\"><\/div><\/div><\/div><div class=\"wpb_column vc_column_container vc_col-sm-6\"><div class=\"vc_column-inner\"><div class=\"wpb_wrapper\">\n\t<div class=\"title-subtitle-box\" style=\" text-align: center;\">\n\t\t<h1 style=\" color:#cd9e2a;  font-weight: normal;\" class=\"special-title\" >\n\t\t<span class=\"toptitle\" style=\" color:#4f5da1; \">Miraldino<\/span>Fam\u00edlia de Vinhos<\/h1>\n\t\t<span class=\"subtitle\" style=\" color:#4f5da1; \">A descoberta da vitivinicultura \u00e9 um processo de aprendizagem constante. A versatilidade da nossa gama de vinhos introduz e acompanha todos aqueles que querem descobrir este mundo muito especial.<\/span>\n\t<\/div> <\/div><\/div><\/div><div class=\"wpb_column vc_column_container vc_col-sm-3\"><div class=\"vc_column-inner\"><div class=\"wpb_wrapper\"><\/div><\/div><\/div><\/div><div class=\"vc_row wpb_row vc_inner vc_row-fluid\"><div class=\"wpb_column vc_column_container vc_col-sm-3\"><div class=\"vc_column-inner\"><div class=\"wpb_wrapper\"><\/div><\/div><\/div><div class=\"wpb_column vc_column_container vc_col-sm-6\"><div class=\"vc_column-inner\"><div class=\"wpb_wrapper\">\n\t<div class=\"gg-special-button-wrapper  special-button-align-center special-button-style-btn-primary\"><a class=\"btn btn-primary\" href=\"http:\/\/montedojoaomartins.pt\/en\/shop-the-wines\/\" title=\"Conhe\u00e7a-os aqui\" target=\"_self\">Conhe\u00e7a-os aqui<\/a><\/div><\/div><\/div><\/div><div class=\"wpb_column vc_column_container vc_col-sm-3\"><div class=\"vc_column-inner\"><div class=\"wpb_wrapper\"><\/div><\/div><\/div><\/div><\/div><\/div><\/div><\/div><div class=\"vc_row wpb_row vc_row-fluid\"><div class=\"wpb_column vc_column_container vc_col-sm-12\"><div class=\"vc_column-inner vc_custom_1580285132300\"><div class=\"wpb_wrapper\">\n\t<div class=\"featured-product-presentation  vc_custom_1729679689629\">\n\t<div class=\"featured-back-image\" style=\"background:url(https:\/\/montedojoaomartins.pt\/wp-content\/uploads\/2024\/10\/MonteJoaoMartins_\u00a9JoaoPacheco-371-scaled.jpg) center no-repeat; background-size: cover\"><div class=\"featured-product-image\"><\/div><\/div>\n\t<div class=\"featured-product\"><h4><span class=\"toptitle\">Escolha do Consumidor<\/span> Reserva Tinto - Syrah 2017<\/h4>\n\t\t<div class=\"product-description\"><p><span style=\"color: #ffffff;\">A tipicidade do clima, solos gran\u00edticos e altitude propiciam uma matura\u00e7\u00e3o das uvas equilibrada. Este \u00e9 um vinho de aromas a especiarias, frutos bem maduros, complexados pelo est\u00e1gio em barrica. Na boca tem frutos do bosque casados com baunilha, notas de chocolate preto e taninos vigorosos. \u00c9 equilibrado, de perfil complexo e persistente.<\/span><\/p>\n<\/div><div class=\"gg-horizontal-list\"><dl class=\"dl-flex\"><dt>Syrah<\/dt><dd>2017<\/dd><dt>Casta<\/dt><dd>Syrah<\/dd><dt>Est\u00e1gio<\/dt><dd>12 meses em barricas novas de Carvalho Franc\u00eas e 12 meses em garrafa.<\/dd><\/dl><\/div><div class=\"gg-special-button-wrapper  special-button-align-left special-button-style-btn-primary\"><a class=\"btn btn-primary\" href=\"http:\/\/montedojoaomartins.pt\/en\/loja-vinhos\/\" title=\"Ver na loja\" target=\"_self\">Ver na loja<\/a><\/div>\n\t<\/div>\n\t<\/div><\/div><\/div><\/div><\/div><div class=\"vc_row wpb_row vc_row-fluid vc_column-gap-15\"><div class=\"wpb_column vc_column_container vc_col-sm-4\"><div class=\"vc_column-inner\"><div class=\"wpb_wrapper\">\n\t<div class=\"featured-image-box   text-align-center overlay_style_1\">\n\t\t<figure class=\"\">\n\t\t\t<div class=\"image-wrapper\">\n\t\t\t<img loading=\"lazy\" decoding=\"async\" width=\"1440\" height=\"2560\" src=\"https:\/\/montedojoaomartins.pt\/wp-content\/uploads\/2025\/05\/MonteJoaoMartins_\u00a9JoaoPacheco-330-scaled.jpg\" class=\"vc_single_image-img attachment-full\" alt=\"\" srcset=\"https:\/\/montedojoaomartins.pt\/wp-content\/uploads\/2025\/05\/MonteJoaoMartins_\u00a9JoaoPacheco-330-scaled.jpg 1440w, https:\/\/montedojoaomartins.pt\/wp-content\/uploads\/2025\/05\/MonteJoaoMartins_\u00a9JoaoPacheco-330-169x300.jpg 169w, https:\/\/montedojoaomartins.pt\/wp-content\/uploads\/2025\/05\/MonteJoaoMartins_\u00a9JoaoPacheco-330-576x1024.jpg 576w, https:\/\/montedojoaomartins.pt\/wp-content\/uploads\/2025\/05\/MonteJoaoMartins_\u00a9JoaoPacheco-330-768x1365.jpg 768w, https:\/\/montedojoaomartins.pt\/wp-content\/uploads\/2025\/05\/MonteJoaoMartins_\u00a9JoaoPacheco-330-864x1536.jpg 864w, https:\/\/montedojoaomartins.pt\/wp-content\/uploads\/2025\/05\/MonteJoaoMartins_\u00a9JoaoPacheco-330-1152x2048.jpg 1152w, https:\/\/montedojoaomartins.pt\/wp-content\/uploads\/2025\/05\/MonteJoaoMartins_\u00a9JoaoPacheco-330-7x12.jpg 7w\" sizes=\"auto, (max-width: 1440px) 100vw, 1440px\" \/>\n\t\t\t<\/div>\n\t\t<figcaption>\n\t\t\t<h4>Visite-nos<\/h4>\n\t\t\t<p>Sala de Provas<\/p>\n\t\t\t<a class=\"btn btn-primary\" href=\"http:\/\/montedojoaomartins.pt\/en\/contactos\/\" title=\"Contacte-nos\" target=\"_self\">Contacte-nos<\/a>\n\t\t<\/figcaption>\n\t\t<\/figure>\n\t<\/div> <\/div><\/div><\/div><div class=\"wpb_column vc_column_container vc_col-sm-4\"><div class=\"vc_column-inner\"><div class=\"wpb_wrapper\">\n\t<div class=\"featured-image-box   text-align-center overlay_style_1\">\n\t\t<figure class=\"\">\n\t\t\t<div class=\"image-wrapper\">\n\t\t\t<img loading=\"lazy\" decoding=\"async\" width=\"1440\" height=\"2560\" src=\"https:\/\/montedojoaomartins.pt\/wp-content\/uploads\/2025\/05\/MonteJoaoMartins_\u00a9JoaoPacheco-015-scaled.jpg\" class=\"vc_single_image-img attachment-full\" alt=\"\" srcset=\"https:\/\/montedojoaomartins.pt\/wp-content\/uploads\/2025\/05\/MonteJoaoMartins_\u00a9JoaoPacheco-015-scaled.jpg 1440w, https:\/\/montedojoaomartins.pt\/wp-content\/uploads\/2025\/05\/MonteJoaoMartins_\u00a9JoaoPacheco-015-169x300.jpg 169w, https:\/\/montedojoaomartins.pt\/wp-content\/uploads\/2025\/05\/MonteJoaoMartins_\u00a9JoaoPacheco-015-576x1024.jpg 576w, https:\/\/montedojoaomartins.pt\/wp-content\/uploads\/2025\/05\/MonteJoaoMartins_\u00a9JoaoPacheco-015-768x1365.jpg 768w, https:\/\/montedojoaomartins.pt\/wp-content\/uploads\/2025\/05\/MonteJoaoMartins_\u00a9JoaoPacheco-015-864x1536.jpg 864w, https:\/\/montedojoaomartins.pt\/wp-content\/uploads\/2025\/05\/MonteJoaoMartins_\u00a9JoaoPacheco-015-1152x2048.jpg 1152w, https:\/\/montedojoaomartins.pt\/wp-content\/uploads\/2025\/05\/MonteJoaoMartins_\u00a9JoaoPacheco-015-7x12.jpg 7w\" sizes=\"auto, (max-width: 1440px) 100vw, 1440px\" \/>\n\t\t\t<\/div>\n\t\t<figcaption>\n\t\t\t<h4>As Vinhas<\/h4>\n\t\t\t<p>Os grandes vinhos come\u00e7am na vinha<\/p>\n\t\t\t<a class=\"btn btn-primary\" href=\"http:\/\/montedojoaomartins.pt\/en\/sobre\/vinhas\/\" title=\"Saiba mais\" target=\"_self\">Saiba mais<\/a>\n\t\t<\/figcaption>\n\t\t<\/figure>\n\t<\/div> <\/div><\/div><\/div><div class=\"wpb_column vc_column_container vc_col-sm-4\"><div class=\"vc_column-inner\"><div class=\"wpb_wrapper\">\n\t<div class=\"featured-image-box   text-align-center overlay_style_1\">\n\t\t<figure class=\"\">\n\t\t\t<div class=\"image-wrapper\">\n\t\t\t<img loading=\"lazy\" decoding=\"async\" width=\"1707\" height=\"2560\" src=\"https:\/\/montedojoaomartins.pt\/wp-content\/uploads\/2025\/05\/IMG_7587-scaled.jpg\" class=\"vc_single_image-img attachment-full\" alt=\"\" srcset=\"https:\/\/montedojoaomartins.pt\/wp-content\/uploads\/2025\/05\/IMG_7587-scaled.jpg 1707w, https:\/\/montedojoaomartins.pt\/wp-content\/uploads\/2025\/05\/IMG_7587-200x300.jpg 200w, https:\/\/montedojoaomartins.pt\/wp-content\/uploads\/2025\/05\/IMG_7587-683x1024.jpg 683w, https:\/\/montedojoaomartins.pt\/wp-content\/uploads\/2025\/05\/IMG_7587-768x1152.jpg 768w, https:\/\/montedojoaomartins.pt\/wp-content\/uploads\/2025\/05\/IMG_7587-1024x1536.jpg 1024w, https:\/\/montedojoaomartins.pt\/wp-content\/uploads\/2025\/05\/IMG_7587-1365x2048.jpg 1365w, https:\/\/montedojoaomartins.pt\/wp-content\/uploads\/2025\/05\/IMG_7587-8x12.jpg 8w\" sizes=\"auto, (max-width: 1707px) 100vw, 1707px\" \/>\n\t\t\t<\/div>\n\t\t<figcaption>\n\t\t\t<h4>Eventos<\/h4>\n\t\t\t<p>Comemore o seu evento especial connosco<\/p>\n\t\t\t<a class=\"btn btn-primary\" href=\"https:\/\/montedojoaomartins.pt\/en\/visita\/\" title=\"Saiba mais\" target=\"_self\">Saiba mais<\/a>\n\t\t<\/figcaption>\n\t\t<\/figure>\n\t<\/div> <\/div><\/div><\/div><\/div>","protected":false},"excerpt":{"rendered":"Bem-vindos Apresentamos vinhos premiados, produzidos na herdade de uma adega familiar. O Monte do Jo\u00e3o Martins situa-se no Norte Alentejano, freguesia de Carreiras, entre Portalegre e Castelo de Vide e junto ao maci\u00e7o da Serra de S\u00e3o Mamede, ponto mais alto de Portugal a sul do rio Tejo. Quem Somos Criados para aqueles que gostam<p class=\"more-link-wrapper\"><a class=\"btn btn-primary\" href=\"https:\/\/montedojoaomartins.pt\/en\/\">Read More<\/a><\/p>","protected":false},"author":1,"featured_media":0,"parent":0,"menu_order":0,"comment_status":"closed","ping_status":"closed","template":"","meta":{"footnotes":""},"class_list":["post-1818","page","type-page","status-publish","hentry"],"_links":{"self":[{"href":"https:\/\/montedojoaomartins.pt\/en\/wp-json\/wp\/v2\/pages\/1818","targetHints":{"allow":["GET"]}}],"collection":[{"href":"https:\/\/montedojoaomartins.pt\/en\/wp-json\/wp\/v2\/pages"}],"about":[{"href":"https:\/\/montedojoaomartins.pt\/en\/wp-json\/wp\/v2\/types\/page"}],"author":[{"embeddable":true,"href":"https:\/\/montedojoaomartins.pt\/en\/wp-json\/wp\/v2\/users\/1"}],"replies":[{"embeddable":true,"href":"https:\/\/montedojoaomartins.pt\/en\/wp-json\/wp\/v2\/comments?post=1818"}],"version-history":[{"count":54,"href":"https:\/\/montedojoaomartins.pt\/en\/wp-json\/wp\/v2\/pages\/1818\/revisions"}],"predecessor-version":[{"id":4408,"href":"https:\/\/montedojoaomartins.pt\/en\/wp-json\/wp\/v2\/pages\/1818\/revisions\/4408"}],"wp:attachment":[{"href":"https:\/\/montedojoaomartins.pt\/en\/wp-json\/wp\/v2\/media?parent=1818"}],"curies":[{"name":"wp","href":"https:\/\/api.w.org\/{rel}","templated":true}]}}