{"id":3905,"date":"2020-09-15T15:43:50","date_gmt":"2020-09-15T15:43:50","guid":{"rendered":"http:\/\/montedojoaomartins.pt\/?post_type=product&#038;p=3905"},"modified":"2026-04-13T13:31:09","modified_gmt":"2026-04-13T13:31:09","slug":"rose-2018","status":"publish","type":"product","link":"http:\/\/montedojoaomartins.pt\/en\/product\/rose-2018\/","title":{"rendered":"Ros\u00e9 2024"},"content":{"rendered":"<div class=\"vc_row wpb_row vc_row-fluid vc_custom_1579167632541 vc_row-o-equal-height vc_row-flex\"><div class=\"wpb_column vc_column_container vc_col-sm-6 vc_col-has-fill\"><div class=\"vc_column-inner vc_custom_1579167622255\"><div class=\"wpb_wrapper\">\n\t<div class=\"title-subtitle-box  vc_custom_1599557932137\" style=\" text-align: left;\">\n\t\t<h1 style=\" font-weight: normal;\" class=\"special-title\" >Notas de prova<\/h1>\n\t<\/div> \n\t<div class=\"gg-infobox  text-align-left\" >\n\t\t<div class=\"infobox-title\" >Aroma<\/div>\n\t\t<span class=\"gg-horizontal-line\" ><\/span>\n\t\t<div class=\"infobox-description\" ><p>A tipicidade do clima, solos gran\u00edticos e altitude propiciam uma matura\u00e7\u00e3o das uvas equilibrada. Aroma fino e acutilante, a revelar complexidade para um perfil recheado de frutos vermelhos e do<br \/>\nbosque. Na boca elegante, muito frutado com notas de ervas arom\u00e1ticas, fresco e persistente.<\/p>\n<\/div>\n\t<\/div> \n\t<div class=\"gg-infobox  text-align-left\" >\n\t\t<div class=\"infobox-title\" >Castas<\/div>\n\t\t<span class=\"gg-horizontal-line\" ><\/span>\n\t\t<div class=\"infobox-description\" ><p>Monocasta &#8211; Touriga Nacional<\/p>\n<\/div>\n\t<\/div> <\/div><\/div><\/div><div class=\"reveal-effect masker wow wpb_column vc_column_container vc_col-sm-6 vc_col-has-fill\"><div class=\"vc_column-inner vc_custom_1605721289330\"><div class=\"wpb_wrapper\"><div class=\"vc_empty_space\"   style=\"height: 500px\"><span class=\"vc_empty_space_inner\"><\/span><\/div><\/div><\/div><\/div><\/div>","protected":false},"excerpt":{"rendered":"Notas de prova Aroma A tipicidade do clima, solos gran\u00edticos e altitude propiciam uma matura\u00e7\u00e3o das uvas equilibrada. Aroma fino e acutilante, a revelar complexidade para um perfil recheado de frutos vermelhos e do bosque. Na boca elegante, muito frutado com notas de ervas arom\u00e1ticas, fresco e persistente. Castas Monocasta - Touriga Nacional","protected":false},"featured_media":4460,"comment_status":"open","ping_status":"closed","template":"","meta":[],"product_cat":[22],"product_tag":[],"class_list":{"0":"post-3905","1":"product","2":"type-product","3":"status-publish","4":"has-post-thumbnail","6":"product_cat-rose","7":"has_thumb","9":"first","10":"outofstock","11":"taxable","12":"shipping-taxable","13":"purchasable","14":"product-type-simple"},"_links":{"self":[{"href":"http:\/\/montedojoaomartins.pt\/en\/wp-json\/wp\/v2\/product\/3905","targetHints":{"allow":["GET"]}}],"collection":[{"href":"http:\/\/montedojoaomartins.pt\/en\/wp-json\/wp\/v2\/product"}],"about":[{"href":"http:\/\/montedojoaomartins.pt\/en\/wp-json\/wp\/v2\/types\/product"}],"replies":[{"embeddable":true,"href":"http:\/\/montedojoaomartins.pt\/en\/wp-json\/wp\/v2\/comments?post=3905"}],"wp:featuredmedia":[{"embeddable":true,"href":"http:\/\/montedojoaomartins.pt\/en\/wp-json\/wp\/v2\/media\/4460"}],"wp:attachment":[{"href":"http:\/\/montedojoaomartins.pt\/en\/wp-json\/wp\/v2\/media?parent=3905"}],"wp:term":[{"taxonomy":"product_cat","embeddable":true,"href":"http:\/\/montedojoaomartins.pt\/en\/wp-json\/wp\/v2\/product_cat?post=3905"},{"taxonomy":"product_tag","embeddable":true,"href":"http:\/\/montedojoaomartins.pt\/en\/wp-json\/wp\/v2\/product_tag?post=3905"}],"curies":[{"name":"wp","href":"https:\/\/api.w.org\/{rel}","templated":true}]}}